{"id":1911,"date":"2024-01-28T11:29:26","date_gmt":"2024-01-28T11:29:26","guid":{"rendered":"https:\/\/wordpress.themeholy.com\/bame\/?page_id=1911"},"modified":"2026-01-07T18:48:30","modified_gmt":"2026-01-07T18:48:30","slug":"home","status":"publish","type":"page","link":"https:\/\/dallm.games\/novo\/","title":{"rendered":"Home"},"content":{"rendered":"\t\t<div data-elementor-type=\"wp-page\" data-elementor-id=\"1911\" class=\"elementor elementor-1911\" data-elementor-post-type=\"page\">\n\t\t\t\t<div class=\"elementor-element elementor-element-8d90519 e-flex e-con-boxed e-con e-parent\" data-id=\"8d90519\" data-element_type=\"container\" data-e-type=\"container\">\n\t\t\t\t\t<div class=\"e-con-inner\">\n\t\t\r\n\t\t<div class=\"elementor-element elementor-element-48bb8713 elementor-widget elementor-widget-bamecta\" data-id=\"48bb8713\" data-element_type=\"widget\" data-e-type=\"widget\" data-widget_type=\"bamecta.default\">\n\t\t\t\t<div class=\"elementor-widget-container\">\n\t\t\t\t\t<div class=\"container th-container4\"><div class=\"cta-area-1\"><div class=\"cta-bg-shape-border\"><svg width=\"1464\" height=\"564\" viewBox=\"0 0 1464 564\" fill=\"none\" xmlns=\"http:\/\/www.w3.org\/2000\/svg\">\r\n\t\t\t\t\t\t\t<path d=\"M1463.5 30V534C1463.5 550.292 1450.29 563.5 1434 563.5H1098H927.426C919.603 563.5 912.099 560.392 906.567 554.86L884.14 532.433C878.42 526.713 870.663 523.5 862.574 523.5H601.426C593.337 523.5 585.58 526.713 579.86 532.433L557.433 554.86C551.901 560.392 544.397 563.5 536.574 563.5H366H30C13.7076 563.5 0.5 550.292 0.5 534V30C0.5 13.7076 13.7076 0.5 30 0.5H366H536.574C544.397 0.5 551.901 3.60802 557.433 9.14034L579.86 31.5668C585.58 37.2866 593.337 40.5 601.426 40.5H862.574C870.663 40.5 878.42 37.2866 884.14 31.5668L906.567 9.14035C912.099 3.60803 919.603 0.5 927.426 0.5H1098H1434C1450.29 0.5 1463.5 13.7076 1463.5 30Z\" stroke=\"url(#paint0_linear_202_547)\" \/>\r\n\t\t\t\t\t\t\t<defs>\r\n\t\t\t\t\t\t\t\t<linearGradient id=\"paint0_linear_202_547\" x1=\"0\" y1=\"0\" x2=\"1505.47\" y2=\"412.762\" gradientUnits=\"userSpaceOnUse\">\r\n\t\t\t\t\t\t\t\t\t<stop offset=\"0\" stop-color=\"var(--theme-color)\" \/>\r\n\t\t\t\t\t\t\t\t\t<stop offset=\"1\" stop-color=\"var(--theme-color2)\" \/>\r\n\t\t\t\t\t\t\t\t<\/linearGradient>\r\n\t\t\t\t\t\t\t<\/defs>\r\n\t\t\t\t\t\t<\/svg><\/div><div class=\"cta-wrap-bg bg-repeat\" data-bg-src=\"https:\/\/wordpress.themehour.net\/bame\/wp-content\/uploads\/2024\/01\/jiji-bg.png\" data-mask-src=\"https:\/\/dallm.games\/novo\/wp-content\/plugins\/bame-core\/assets\/img\/cta-bg-shape1.svg\"><div class=\"cta-bg-img\"><img decoding=\"async\" src=\"https:\/\/dallm.games\/novo\/wp-content\/uploads\/2024\/01\/cta-sec1-bg.png\" alt=\"cta sec1 bg\"  \/><\/div><div class=\"cta-thumb\"><img decoding=\"async\" src=\"https:\/\/dallm.games\/novo\/wp-content\/uploads\/2025\/12\/char.png\" alt=\"char\"  \/><\/div><\/div><div class=\"cta-wrap\"><div class=\"row\"><div class=\"col-xl-5\"><div class=\"title-area mb-0 custom-anim-left wow\" data-wow-duration=\"1.5s\" data-wow-delay=\"0.2s\"><span class=\"sub-title sub\">Uma Nova Aventura 3D Est\u00e1 Prestes A Come\u00e7ar<\/span><h2 class=\"sec-title title\">Aventure-se pelo mundo de <span class=\"text-theme fw-medium\">SINTONIA!<\/span><\/h2><p class=\"mt-30 mb-30 desc\">Entre em um universo m\u00e1gico cheio de segredos, personagens \u00fanicos e hist\u00f3rias que se revelam conforme voc\u00ea explora. Sintonia \u00e9 uma aventura 3D criada para quem ama descobrir novos mundos.<\/p><a href=\"https:\/\/dallm.games\/novo\/the-sitonia-chronicles\/\" class=\"th-btn th_btn\">SAIBA MAIS!<\/a><\/div><\/div><\/div><\/div><\/div><\/div>\t\t\t\t<\/div>\n\t\t\t\t<\/div>\n\t\t\t\t\t<\/div>\n\t\t\t\t<\/div>\n\t\t<div class=\"elementor-element elementor-element-acae288 e-con-full e-flex e-con e-parent\" data-id=\"acae288\" data-element_type=\"container\" data-e-type=\"container\">\n\t\t<div class=\"elementor-element elementor-element-deab3f5 arrow-wrap e-flex e-con-boxed e-con e-child\" data-id=\"deab3f5\" data-element_type=\"container\" data-e-type=\"container\" data-settings=\"{&quot;background_background&quot;:&quot;classic&quot;}\">\n\t\t\t\t\t<div class=\"e-con-inner\">\n\t\t<div class=\"elementor-element elementor-element-68b7a4fa game-sec-wrap2 e-flex e-con-boxed e-con e-child\" data-id=\"68b7a4fa\" data-element_type=\"container\" data-e-type=\"container\" data-settings=\"{&quot;background_background&quot;:&quot;classic&quot;}\">\n\t\t\t\t\t<div class=\"e-con-inner\">\n\t\t\t\t<div class=\"elementor-element elementor-element-1f054d4a elementor-widget elementor-widget-bamesectiontitle\" data-id=\"1f054d4a\" data-element_type=\"widget\" data-e-type=\"widget\" data-widget_type=\"bamesectiontitle.default\">\n\t\t\t\t<div class=\"elementor-widget-container\">\n\t\t\t\t\t<div class=\"title-area  custom-anim-top wow\" data-wow-duration=\"1.5s\" data-wow-delay=\"0.1s\"><span class=\"sub-title \"># Nossos jogos<\/span><h2 class=\"sec-title\">Cat\u00e1logo de Games<\/h2><\/div>\t\t\t\t<\/div>\n\t\t\t\t<\/div>\n\t\t\t\t<div class=\"elementor-element elementor-element-39d7e362 elementor-widget elementor-widget-bamegame\" data-id=\"39d7e362\" data-element_type=\"widget\" data-e-type=\"widget\" data-widget_type=\"bamegame.default\">\n\t\t\t\t<div class=\"elementor-widget-container\">\n\t\t\t\t\t<div class=\"slider-area\"><div class=\"swiper th-slider game-slider-1\" id=\"gameSlider1\" data-slider-options='{\"breakpoints\":{\"0\":{\"slidesPerView\":1},\"576\":{\"slidesPerView\":\"1\"},\"768\":{\"slidesPerView\":\"2\"},\"992\":{\"slidesPerView\":\"3\"},\"1200\":{\"slidesPerView\":\"4\"}}}'><div class=\"swiper-wrapper\"><div class=\"swiper-slide\"><div class=\"game-card gradient-border\"><div class=\"game-card-img\"><a href=\"https:\/\/dallm.games\/novo\/the-sitonia-chronicles\/\"><img decoding=\"async\" src=\"https:\/\/dallm.games\/novo\/wp-content\/uploads\/2025\/12\/1-2-sintonia.png\" alt=\"1 2 sintonia\"  \/><\/a><div class=\"game-logo\"><img decoding=\"async\" src=\"https:\/\/dallm.games\/novo\/wp-content\/uploads\/2025\/12\/Fundo-sintonia.png\" alt=\"Fundo sintonia\"  \/><\/div><\/div><div class=\"game-card-details\"><h3 class=\"box-title\"><a href=\"https:\/\/dallm.games\/novo\/the-sitonia-chronicles\/\">The Sintonia Chronicles<\/a><\/h3><p class=\"game-content desc\">Jogue a demo.<span class=\"text-theme desc2\">Saiba Mais!<\/span><\/p><\/div><\/div><\/div><div class=\"swiper-slide\"><div class=\"game-card gradient-border\"><div class=\"game-card-img\"><a href=\"https:\/\/dallm.games\/novo\/o-mundo-de-mariazinha\/\"><img decoding=\"async\" src=\"https:\/\/dallm.games\/novo\/wp-content\/uploads\/2025\/12\/1-2-mariazinha.png\" alt=\"1 2 mariazinha\"  \/><\/a><div class=\"game-logo\"><img decoding=\"async\" src=\"https:\/\/dallm.games\/novo\/wp-content\/uploads\/2025\/12\/Fundo-mariazinha.png\" alt=\"Fundo mariazinha\"  \/><\/div><\/div><div class=\"game-card-details\"><h3 class=\"box-title\"><a href=\"https:\/\/dallm.games\/novo\/o-mundo-de-mariazinha\/\">O Mundo de Mariazinha<\/a><\/h3><p class=\"game-content desc\">Jogue gr\u00e1tis.<span class=\"text-theme desc2\">Saiba Mais!<\/span><\/p><\/div><\/div><\/div><div class=\"swiper-slide\"><div class=\"game-card gradient-border\"><div class=\"game-card-img\"><a href=\"https:\/\/dallm.games\/novo\/sintonia-bubble-clash\/\"><img decoding=\"async\" src=\"https:\/\/dallm.games\/novo\/wp-content\/uploads\/2025\/12\/1-2-bubble.png\" alt=\"1 2 bubble\"  \/><\/a><div class=\"game-logo\"><img decoding=\"async\" src=\"https:\/\/dallm.games\/novo\/wp-content\/uploads\/2025\/12\/Fundo-bubble.png\" alt=\"Fundo bubble\"  \/><\/div><\/div><div class=\"game-card-details\"><h3 class=\"box-title\"><a href=\"https:\/\/dallm.games\/novo\/sintonia-bubble-clash\/\">Sintonia Bubble Clash<\/a><\/h3><p class=\"game-content desc\">Lan\u00e7amento em 2026.<span class=\"text-theme desc2\">Saiba Mais<\/span><\/p><\/div><\/div><\/div><div class=\"swiper-slide\"><div class=\"game-card gradient-border\"><div class=\"game-card-img\"><a href=\"https:\/\/dallm.games\/novo\/sintonia-runner\"><img decoding=\"async\" src=\"https:\/\/dallm.games\/novo\/wp-content\/uploads\/2025\/12\/1-2-runnersintonia.png\" alt=\"1 2 runnersintonia\"  \/><\/a><div class=\"game-logo\"><img decoding=\"async\" src=\"https:\/\/dallm.games\/novo\/wp-content\/uploads\/2025\/12\/Fundo-runner.png\" alt=\"Fundo runner\"  \/><\/div><\/div><div class=\"game-card-details\"><h3 class=\"box-title\"><a href=\"https:\/\/dallm.games\/novo\/sintonia-runner\">Sintonia Runner<\/a><\/h3><p class=\"game-content desc\">Capta\u00e7\u00e3o de recursos.<span class=\"text-theme desc2\">Saiba Mais!<\/span><\/p><\/div><\/div><\/div><div class=\"swiper-slide\"><div class=\"game-card gradient-border\"><div class=\"game-card-img\"><a href=\"\"><img decoding=\"async\" src=\"https:\/\/dallm.games\/novo\/wp-content\/uploads\/2025\/12\/1-2-speedstart.png\" alt=\"1 2 speedstart\"  \/><\/a><div class=\"game-logo\"><img decoding=\"async\" src=\"https:\/\/dallm.games\/novo\/wp-content\/uploads\/2025\/12\/Fundo-speed.png\" alt=\"Fundo speed\"  \/><\/div><\/div><div class=\"game-card-details\"><h3 class=\"box-title\"><a href=\"\">SpeedStar Universe<\/a><\/h3><p class=\"game-content desc\">Adiado.<span class=\"text-theme desc2\"><\/span><\/p><\/div><\/div><\/div><div class=\"swiper-slide\"><div class=\"game-card gradient-border\"><div class=\"game-card-img\"><a href=\"https:\/\/dallm.games\/novo\/roots-land-rebirth\"><img decoding=\"async\" src=\"https:\/\/dallm.games\/novo\/wp-content\/uploads\/2025\/12\/ChatGPT-Image-22-de-dez.-de-2025-16_47_38.png\" alt=\"ChatGPT Image 22 de dez. de 2025 16_47_38\"  \/><\/a><div class=\"game-logo\"><img decoding=\"async\" src=\"https:\/\/dallm.games\/novo\/wp-content\/uploads\/2025\/12\/Fundo.png\" alt=\"Fundo\"  \/><\/div><\/div><div class=\"game-card-details\"><h3 class=\"box-title\"><a href=\"https:\/\/dallm.games\/novo\/roots-land-rebirth\">Roots of the Lands<\/a><\/h3><p class=\"game-content desc\">Lan\u00e7amento em 2027<span class=\"text-theme desc2\">Saiba Mais!<\/span><\/p><\/div><\/div><\/div><\/div><div class=\"slider-pagination\"><\/div><\/div><\/div>\t\t\t\t<\/div>\n\t\t\t\t<\/div>\n\t\t\t\t\t<\/div>\n\t\t\t\t<\/div>\n\t\t\t\t\t<\/div>\n\t\t\t\t<\/div>\n\t\t\t\t<\/div>\n\t\t<div class=\"elementor-element elementor-element-702ff4d6 arrow-wrap e-flex e-con-boxed e-con e-parent\" data-id=\"702ff4d6\" data-element_type=\"container\" data-e-type=\"container\">\n\t\t\t\t\t<div class=\"e-con-inner\">\n\t\t\t\t<div class=\"elementor-element elementor-element-5541ee6d elementor-widget elementor-widget-bamesectiontitle\" data-id=\"5541ee6d\" data-element_type=\"widget\" data-e-type=\"widget\" data-widget_type=\"bamesectiontitle.default\">\n\t\t\t\t<div class=\"elementor-widget-container\">\n\t\t\t\t\t<div class=\"title-area  custom-anim-top wow\" data-wow-duration=\"1.5s\" data-wow-delay=\".2s\"><span class=\"sub-title \"># Ultimas Not\u00edcias<\/span><h2 class=\"sec-title\">Fique por dentro de tudo que acontece no nosso blog <span class=\"text-theme\">!<\/span><\/h2><\/div>\t\t\t\t<\/div>\n\t\t\t\t<\/div>\n\t\t\t\t<div class=\"elementor-element elementor-element-712576be elementor-widget elementor-widget-bameblog\" data-id=\"712576be\" data-element_type=\"widget\" data-e-type=\"widget\" data-widget_type=\"bameblog.default\">\n\t\t\t\t<div class=\"elementor-widget-container\">\n\t\t\t\t\t<div class=\"slider-area\"><div class=\"swiper th-slider has-shadow\" id=\"blogSlider2\" data-slider-options='{\"breakpoints\":{\"0\":{\"slidesPerView\":1},\"576\":{\"slidesPerView\":\"1\"},\"768\":{\"slidesPerView\":\"2\"},\"992\":{\"slidesPerView\":\"2\"},\"1200\":{\"slidesPerView\":\"3\"}}}'><div class=\"swiper-wrapper\"><div class=\"swiper-slide\"><div class=\"blog-card style2\" data-mask-src=\"https:\/\/dallm.games\/novo\/wp-content\/plugins\/bame-core\/assets\/img\/blog_card2_bg.jpg\"><div class=\"blog-img\" data-mask-src=\"https:\/\/dallm.games\/novo\/wp-content\/plugins\/bame-core\/assets\/img\/blog_card2_img-shape.jpg\"><a href=\"https:\/\/dallm.games\/novo\/2025\/10\/14\/\"><img fetchpriority=\"high\" decoding=\"async\" width=\"344\" height=\"252\" src=\"https:\/\/dallm.games\/novo\/wp-content\/uploads\/2023\/12\/54723917920_f2baba2f0d_o-344x252.jpg\" class=\"attachment-bame_344X252 size-bame_344X252 wp-post-image\" alt=\"\" \/><\/a><\/div><div class=\"blog-content\"><div class=\"blog-meta\"><a href=\"https:\/\/dallm.games\/novo\/author\/admin\/\"><i class=\"far fa-user\"><\/i>By Admin<\/a><a href=\"https:\/\/dallm.games\/novo\/2025\/10\/14\/\"><i class=\"far fa-calendar\"><\/i>14 out, 2025<\/a><\/div><h3 class=\"box-title\"><a href=\"https:\/\/dallm.games\/novo\/the-sintonia-chronicles-ganha-premio-de-melhor-jogo-por-voto-popular\/\">The Sintonia Chronicles ganha premio de melhor jogo<\/a><\/h3><a href=\"https:\/\/dallm.games\/novo\/the-sintonia-chronicles-ganha-premio-de-melhor-jogo-por-voto-popular\/\" class=\"link-btn style2\">Leia mais <i class=\"fas fa-arrow-right ms-1\"><\/i><\/a><\/div><\/div><\/div><div class=\"swiper-slide\"><div class=\"blog-card style2\" data-mask-src=\"https:\/\/dallm.games\/novo\/wp-content\/plugins\/bame-core\/assets\/img\/blog_card2_bg.jpg\"><div class=\"blog-img\" data-mask-src=\"https:\/\/dallm.games\/novo\/wp-content\/plugins\/bame-core\/assets\/img\/blog_card2_img-shape.jpg\"><a href=\"https:\/\/dallm.games\/novo\/2025\/07\/30\/\"><img decoding=\"async\" width=\"344\" height=\"252\" src=\"https:\/\/dallm.games\/novo\/wp-content\/uploads\/2023\/12\/1753877888564-608x425-1-344x252.jpg\" class=\"attachment-bame_344X252 size-bame_344X252 wp-post-image\" alt=\"\" srcset=\"https:\/\/dallm.games\/novo\/wp-content\/uploads\/2023\/12\/1753877888564-608x425-1-344x252.jpg 344w, https:\/\/dallm.games\/novo\/wp-content\/uploads\/2023\/12\/1753877888564-608x425-1-580x425.jpg 580w\" sizes=\"(max-width: 344px) 100vw, 344px\" \/><\/a><\/div><div class=\"blog-content\"><div class=\"blog-meta\"><a href=\"https:\/\/dallm.games\/novo\/author\/admin\/\"><i class=\"far fa-user\"><\/i>By Admin<\/a><a href=\"https:\/\/dallm.games\/novo\/2025\/07\/30\/\"><i class=\"far fa-calendar\"><\/i>30 jul, 2025<\/a><\/div><h3 class=\"box-title\"><a href=\"https:\/\/dallm.games\/novo\/dallm-games-studio-marca-presenca-na-inovaes-2025-em-vitoria-es\/\">Dallm Games Studio marca presen\u00e7a na INOVAES 2025,<\/a><\/h3><a href=\"https:\/\/dallm.games\/novo\/dallm-games-studio-marca-presenca-na-inovaes-2025-em-vitoria-es\/\" class=\"link-btn style2\">Leia mais <i class=\"fas fa-arrow-right ms-1\"><\/i><\/a><\/div><\/div><\/div><div class=\"swiper-slide\"><div class=\"blog-card style2\" data-mask-src=\"https:\/\/dallm.games\/novo\/wp-content\/plugins\/bame-core\/assets\/img\/blog_card2_bg.jpg\"><div class=\"blog-img\" data-mask-src=\"https:\/\/dallm.games\/novo\/wp-content\/plugins\/bame-core\/assets\/img\/blog_card2_img-shape.jpg\"><a href=\"https:\/\/dallm.games\/novo\/2025\/07\/16\/\"><img decoding=\"async\" width=\"344\" height=\"252\" src=\"https:\/\/dallm.games\/novo\/wp-content\/uploads\/2023\/12\/premio-1-930x620-1-344x252.png\" class=\"attachment-bame_344X252 size-bame_344X252 wp-post-image\" alt=\"\" \/><\/a><\/div><div class=\"blog-content\"><div class=\"blog-meta\"><a href=\"https:\/\/dallm.games\/novo\/author\/admin\/\"><i class=\"far fa-user\"><\/i>By Admin<\/a><a href=\"https:\/\/dallm.games\/novo\/2025\/07\/16\/\"><i class=\"far fa-calendar\"><\/i>16 jul, 2025<\/a><\/div><h3 class=\"box-title\"><a href=\"https:\/\/dallm.games\/novo\/premio-melhor-pitch-2025\/\">Dallm Games Studio ganha pr\u00eamio de pitch na<\/a><\/h3><a href=\"https:\/\/dallm.games\/novo\/premio-melhor-pitch-2025\/\" class=\"link-btn style2\">Leia mais <i class=\"fas fa-arrow-right ms-1\"><\/i><\/a><\/div><\/div><\/div><\/div><\/div><button data-slider-prev=\"#blogSlider2\" class=\"slider-arrow slider-prev\"><i class=\"far fa-arrow-left\"><\/i><\/button><button data-slider-next=\"#blogSlider2\" class=\"slider-arrow slider-next\"><i class=\"far fa-arrow-right\"><\/i><\/button><\/div>\t\t\t\t<\/div>\n\t\t\t\t<\/div>\n\t\t\t\t\t<\/div>\n\t\t\t\t<\/div>\n\t\t\t\t<\/div>\n\t\t","protected":false},"excerpt":{"rendered":"<p>Uma Nova Aventura 3D Est\u00e1 Prestes A Come\u00e7ar Aventure-se pelo mundo de SINTONIA! Entre em um universo m\u00e1gico cheio de segredos, personagens \u00fanicos e hist\u00f3rias que se revelam conforme voc\u00ea explora. Sintonia \u00e9 uma aventura 3D criada para quem ama descobrir novos mundos. SAIBA MAIS! # Nossos jogos Cat\u00e1logo de Games The Sintonia Chronicles Jogue&#8230;<\/p>\n","protected":false},"author":1,"featured_media":0,"parent":0,"menu_order":0,"comment_status":"closed","ping_status":"closed","template":"template-builder.php","meta":{"pagelayer_contact_templates":[],"_pagelayer_content":"","footnotes":""},"class_list":["post-1911","page","type-page","status-publish","hentry","th-blog blog-single has-post-thumbnail"],"yoast_head":"<!-- This site is optimized with the Yoast SEO plugin v27.6 - https:\/\/yoast.com\/product\/yoast-seo-wordpress\/ -->\n<title>Home - Dallm Games Studio<\/title>\n<meta name=\"robots\" content=\"index, follow, max-snippet:-1, max-image-preview:large, max-video-preview:-1\" \/>\n<link rel=\"canonical\" href=\"https:\/\/dallm.games\/novo\/\" \/>\n<meta property=\"og:locale\" content=\"pt_BR\" \/>\n<meta property=\"og:type\" content=\"article\" \/>\n<meta property=\"og:title\" content=\"Home - Dallm Games Studio\" \/>\n<meta property=\"og:description\" content=\"Uma Nova Aventura 3D Est\u00e1 Prestes A Come\u00e7ar Aventure-se pelo mundo de SINTONIA! Entre em um universo m\u00e1gico cheio de segredos, personagens \u00fanicos e hist\u00f3rias que se revelam conforme voc\u00ea explora. Sintonia \u00e9 uma aventura 3D criada para quem ama descobrir novos mundos. SAIBA MAIS! # Nossos jogos Cat\u00e1logo de Games The Sintonia Chronicles Jogue...\" \/>\n<meta property=\"og:url\" content=\"https:\/\/dallm.games\/novo\/\" \/>\n<meta property=\"og:site_name\" content=\"Dallm Games Studio\" \/>\n<meta property=\"article:modified_time\" content=\"2026-01-07T18:48:30+00:00\" \/>\n<meta property=\"og:image\" content=\"https:\/\/dallm.games\/novo\/wp-content\/uploads\/2024\/01\/cta-sec1-bg.png\" \/>\n<meta name=\"twitter:card\" content=\"summary_large_image\" \/>\n<meta name=\"twitter:label1\" content=\"Est. tempo de leitura\" \/>\n\t<meta name=\"twitter:data1\" content=\"5 minutos\" \/>\n<script type=\"application\/ld+json\" class=\"yoast-schema-graph\">{\"@context\":\"https:\\\/\\\/schema.org\",\"@graph\":[{\"@type\":\"WebPage\",\"@id\":\"https:\\\/\\\/dallm.games\\\/novo\\\/\",\"url\":\"https:\\\/\\\/dallm.games\\\/novo\\\/\",\"name\":\"Home - Dallm Games Studio\",\"isPartOf\":{\"@id\":\"https:\\\/\\\/dallm.games\\\/novo\\\/#website\"},\"primaryImageOfPage\":{\"@id\":\"https:\\\/\\\/dallm.games\\\/novo\\\/#primaryimage\"},\"image\":{\"@id\":\"https:\\\/\\\/dallm.games\\\/novo\\\/#primaryimage\"},\"thumbnailUrl\":\"https:\\\/\\\/dallm.games\\\/novo\\\/wp-content\\\/uploads\\\/2024\\\/01\\\/cta-sec1-bg.png\",\"datePublished\":\"2024-01-28T11:29:26+00:00\",\"dateModified\":\"2026-01-07T18:48:30+00:00\",\"breadcrumb\":{\"@id\":\"https:\\\/\\\/dallm.games\\\/novo\\\/#breadcrumb\"},\"inLanguage\":\"pt-BR\",\"potentialAction\":[{\"@type\":\"ReadAction\",\"target\":[\"https:\\\/\\\/dallm.games\\\/novo\\\/\"]}]},{\"@type\":\"ImageObject\",\"inLanguage\":\"pt-BR\",\"@id\":\"https:\\\/\\\/dallm.games\\\/novo\\\/#primaryimage\",\"url\":\"https:\\\/\\\/dallm.games\\\/novo\\\/wp-content\\\/uploads\\\/2024\\\/01\\\/cta-sec1-bg.png\",\"contentUrl\":\"https:\\\/\\\/dallm.games\\\/novo\\\/wp-content\\\/uploads\\\/2024\\\/01\\\/cta-sec1-bg.png\",\"width\":963,\"height\":566},{\"@type\":\"BreadcrumbList\",\"@id\":\"https:\\\/\\\/dallm.games\\\/novo\\\/#breadcrumb\",\"itemListElement\":[{\"@type\":\"ListItem\",\"position\":1,\"name\":\"Home\",\"item\":\"https:\\\/\\\/dallm.games\\\/novo\\\/\"},{\"@type\":\"ListItem\",\"position\":2,\"name\":\"Home\"}]},{\"@type\":\"WebSite\",\"@id\":\"https:\\\/\\\/dallm.games\\\/novo\\\/#website\",\"url\":\"https:\\\/\\\/dallm.games\\\/novo\\\/\",\"name\":\"Dallm Games Studio\",\"description\":\"Desenvolvedora Independente de Jodos em territ&oacute;rio capixaba\",\"publisher\":{\"@id\":\"https:\\\/\\\/dallm.games\\\/novo\\\/#organization\"},\"potentialAction\":[{\"@type\":\"SearchAction\",\"target\":{\"@type\":\"EntryPoint\",\"urlTemplate\":\"https:\\\/\\\/dallm.games\\\/novo\\\/?s={search_term_string}\"},\"query-input\":{\"@type\":\"PropertyValueSpecification\",\"valueRequired\":true,\"valueName\":\"search_term_string\"}}],\"inLanguage\":\"pt-BR\"},{\"@type\":\"Organization\",\"@id\":\"https:\\\/\\\/dallm.games\\\/novo\\\/#organization\",\"name\":\"Dallm Games Studio\",\"url\":\"https:\\\/\\\/dallm.games\\\/novo\\\/\",\"logo\":{\"@type\":\"ImageObject\",\"inLanguage\":\"pt-BR\",\"@id\":\"https:\\\/\\\/dallm.games\\\/novo\\\/#\\\/schema\\\/logo\\\/image\\\/\",\"url\":\"https:\\\/\\\/dallm.games\\\/novo\\\/wp-content\\\/uploads\\\/2025\\\/12\\\/Horizontal-Color-e1764886980996.png\",\"contentUrl\":\"https:\\\/\\\/dallm.games\\\/novo\\\/wp-content\\\/uploads\\\/2025\\\/12\\\/Horizontal-Color-e1764886980996.png\",\"width\":200,\"height\":40,\"caption\":\"Dallm Games Studio\"},\"image\":{\"@id\":\"https:\\\/\\\/dallm.games\\\/novo\\\/#\\\/schema\\\/logo\\\/image\\\/\"}}]}<\/script>\n<!-- \/ Yoast SEO plugin. -->","yoast_head_json":{"title":"Home - Dallm Games Studio","robots":{"index":"index","follow":"follow","max-snippet":"max-snippet:-1","max-image-preview":"max-image-preview:large","max-video-preview":"max-video-preview:-1"},"canonical":"https:\/\/dallm.games\/novo\/","og_locale":"pt_BR","og_type":"article","og_title":"Home - Dallm Games Studio","og_description":"Uma Nova Aventura 3D Est\u00e1 Prestes A Come\u00e7ar Aventure-se pelo mundo de SINTONIA! Entre em um universo m\u00e1gico cheio de segredos, personagens \u00fanicos e hist\u00f3rias que se revelam conforme voc\u00ea explora. Sintonia \u00e9 uma aventura 3D criada para quem ama descobrir novos mundos. SAIBA MAIS! # Nossos jogos Cat\u00e1logo de Games The Sintonia Chronicles Jogue...","og_url":"https:\/\/dallm.games\/novo\/","og_site_name":"Dallm Games Studio","article_modified_time":"2026-01-07T18:48:30+00:00","og_image":[{"url":"https:\/\/dallm.games\/novo\/wp-content\/uploads\/2024\/01\/cta-sec1-bg.png","type":"","width":"","height":""}],"twitter_card":"summary_large_image","twitter_misc":{"Est. tempo de leitura":"5 minutos"},"schema":{"@context":"https:\/\/schema.org","@graph":[{"@type":"WebPage","@id":"https:\/\/dallm.games\/novo\/","url":"https:\/\/dallm.games\/novo\/","name":"Home - Dallm Games Studio","isPartOf":{"@id":"https:\/\/dallm.games\/novo\/#website"},"primaryImageOfPage":{"@id":"https:\/\/dallm.games\/novo\/#primaryimage"},"image":{"@id":"https:\/\/dallm.games\/novo\/#primaryimage"},"thumbnailUrl":"https:\/\/dallm.games\/novo\/wp-content\/uploads\/2024\/01\/cta-sec1-bg.png","datePublished":"2024-01-28T11:29:26+00:00","dateModified":"2026-01-07T18:48:30+00:00","breadcrumb":{"@id":"https:\/\/dallm.games\/novo\/#breadcrumb"},"inLanguage":"pt-BR","potentialAction":[{"@type":"ReadAction","target":["https:\/\/dallm.games\/novo\/"]}]},{"@type":"ImageObject","inLanguage":"pt-BR","@id":"https:\/\/dallm.games\/novo\/#primaryimage","url":"https:\/\/dallm.games\/novo\/wp-content\/uploads\/2024\/01\/cta-sec1-bg.png","contentUrl":"https:\/\/dallm.games\/novo\/wp-content\/uploads\/2024\/01\/cta-sec1-bg.png","width":963,"height":566},{"@type":"BreadcrumbList","@id":"https:\/\/dallm.games\/novo\/#breadcrumb","itemListElement":[{"@type":"ListItem","position":1,"name":"Home","item":"https:\/\/dallm.games\/novo\/"},{"@type":"ListItem","position":2,"name":"Home"}]},{"@type":"WebSite","@id":"https:\/\/dallm.games\/novo\/#website","url":"https:\/\/dallm.games\/novo\/","name":"Dallm Games Studio","description":"Desenvolvedora Independente de Jodos em territ&oacute;rio capixaba","publisher":{"@id":"https:\/\/dallm.games\/novo\/#organization"},"potentialAction":[{"@type":"SearchAction","target":{"@type":"EntryPoint","urlTemplate":"https:\/\/dallm.games\/novo\/?s={search_term_string}"},"query-input":{"@type":"PropertyValueSpecification","valueRequired":true,"valueName":"search_term_string"}}],"inLanguage":"pt-BR"},{"@type":"Organization","@id":"https:\/\/dallm.games\/novo\/#organization","name":"Dallm Games Studio","url":"https:\/\/dallm.games\/novo\/","logo":{"@type":"ImageObject","inLanguage":"pt-BR","@id":"https:\/\/dallm.games\/novo\/#\/schema\/logo\/image\/","url":"https:\/\/dallm.games\/novo\/wp-content\/uploads\/2025\/12\/Horizontal-Color-e1764886980996.png","contentUrl":"https:\/\/dallm.games\/novo\/wp-content\/uploads\/2025\/12\/Horizontal-Color-e1764886980996.png","width":200,"height":40,"caption":"Dallm Games Studio"},"image":{"@id":"https:\/\/dallm.games\/novo\/#\/schema\/logo\/image\/"}}]}},"_links":{"self":[{"href":"https:\/\/dallm.games\/novo\/wp-json\/wp\/v2\/pages\/1911","targetHints":{"allow":["GET"]}}],"collection":[{"href":"https:\/\/dallm.games\/novo\/wp-json\/wp\/v2\/pages"}],"about":[{"href":"https:\/\/dallm.games\/novo\/wp-json\/wp\/v2\/types\/page"}],"author":[{"embeddable":true,"href":"https:\/\/dallm.games\/novo\/wp-json\/wp\/v2\/users\/1"}],"replies":[{"embeddable":true,"href":"https:\/\/dallm.games\/novo\/wp-json\/wp\/v2\/comments?post=1911"}],"version-history":[{"count":60,"href":"https:\/\/dallm.games\/novo\/wp-json\/wp\/v2\/pages\/1911\/revisions"}],"predecessor-version":[{"id":3897,"href":"https:\/\/dallm.games\/novo\/wp-json\/wp\/v2\/pages\/1911\/revisions\/3897"}],"wp:attachment":[{"href":"https:\/\/dallm.games\/novo\/wp-json\/wp\/v2\/media?parent=1911"}],"curies":[{"name":"wp","href":"https:\/\/api.w.org\/{rel}","templated":true}]}}