{"id":3427,"date":"2025-12-19T14:29:22","date_gmt":"2025-12-19T14:29:22","guid":{"rendered":"https:\/\/dallm.games\/novo\/?page_id=3427"},"modified":"2025-12-22T21:24:53","modified_gmt":"2025-12-22T21:24:53","slug":"o-mundo-de-mariazinha","status":"publish","type":"page","link":"https:\/\/dallm.games\/novo\/o-mundo-de-mariazinha\/","title":{"rendered":"O Mundo de Mariazinha"},"content":{"rendered":"\t\t<div data-elementor-type=\"wp-page\" data-elementor-id=\"3427\" class=\"elementor elementor-3427\" data-elementor-post-type=\"page\">\n\t\t\t\t<div class=\"elementor-element elementor-element-856971e e-flex e-con-boxed e-con e-parent\" data-id=\"856971e\" data-element_type=\"container\" data-e-type=\"container\">\n\t\t\t\t\t<div class=\"e-con-inner\">\n\t\t<div class=\"elementor-element elementor-element-c43ee16 e-con-full e-flex e-con e-child\" data-id=\"c43ee16\" data-element_type=\"container\" data-e-type=\"container\">\n\t\t\t\t<div class=\"elementor-element elementor-element-ae2c7bc elementor-widget elementor-widget-image\" data-id=\"ae2c7bc\" data-element_type=\"widget\" data-e-type=\"widget\" data-widget_type=\"image.default\">\n\t\t\t\t\t\t\t\t\t\t\t\t\t\t\t<img fetchpriority=\"high\" decoding=\"async\" width=\"2560\" height=\"1440\" src=\"https:\/\/dallm.games\/novo\/wp-content\/uploads\/2025\/12\/mundo-mariazinha-scaled.png\" class=\"attachment-full size-full wp-image-3430\" alt=\"\" srcset=\"https:\/\/dallm.games\/novo\/wp-content\/uploads\/2025\/12\/mundo-mariazinha-scaled.png 2560w, https:\/\/dallm.games\/novo\/wp-content\/uploads\/2025\/12\/mundo-mariazinha-300x169.png 300w, https:\/\/dallm.games\/novo\/wp-content\/uploads\/2025\/12\/mundo-mariazinha-1024x576.png 1024w, https:\/\/dallm.games\/novo\/wp-content\/uploads\/2025\/12\/mundo-mariazinha-768x432.png 768w, https:\/\/dallm.games\/novo\/wp-content\/uploads\/2025\/12\/mundo-mariazinha-1536x864.png 1536w, https:\/\/dallm.games\/novo\/wp-content\/uploads\/2025\/12\/mundo-mariazinha-2048x1152.png 2048w\" sizes=\"(max-width: 2560px) 100vw, 2560px\" \/>\t\t\t\t\t\t\t\t\t\t\t\t\t\t\t<\/div>\n\t\t<div class=\"elementor-element elementor-element-8944d59 e-con-full e-flex e-con e-child\" data-id=\"8944d59\" data-element_type=\"container\" data-e-type=\"container\">\n\t\t\t\t<div class=\"elementor-element elementor-element-3ee5234 elementor-widget elementor-widget-heading\" data-id=\"3ee5234\" data-element_type=\"widget\" data-e-type=\"widget\" data-widget_type=\"heading.default\">\n\t\t\t\t\t<h2 class=\"elementor-heading-title elementor-size-default\">O Mundo de Mariazinha<\/h2>\t\t\t\t<\/div>\n\t\t\r\n\t\t<div class=\"elementor-element elementor-element-545044e elementor-widget elementor-widget-text-editor\" data-id=\"545044e\" data-element_type=\"widget\" data-e-type=\"widget\" data-widget_type=\"text-editor.default\">\n\t\t\t\t\t\t\t\t\t<div class=\"game-meta\">Pre\u00e7o: R$ <span style=\"color: #45f882;\">GR\u00c1TIS!<\/span><\/div>\t\t\t\t\t\t\t\t<\/div>\n\t\t\t\t<\/div>\n\t\t\t\t<div class=\"elementor-element elementor-element-6787407 elementor-widget elementor-widget-text-editor\" data-id=\"6787407\" data-element_type=\"widget\" data-e-type=\"widget\" data-widget_type=\"text-editor.default\">\n\t\t\t\t\t\t\t\t\t<p data-start=\"385\" data-end=\"550\"><strong data-start=\"385\" data-end=\"410\">O Mundo de Mariazinha<\/strong> \u00e9 um jogo mobile educativo criado especialmente para crian\u00e7as de <strong data-start=\"476\" data-end=\"490\">3 a 6 anos<\/strong>, onde aprender acontece de forma natural, leve e divertida.<\/p><p data-start=\"552\" data-end=\"774\">Em um ambiente colorido, seguro e cheio de carinho, as crian\u00e7as exploram um universo inspirado na fazenda, interagindo com animais, sons, cores e formas enquanto desenvolvem habilidades essenciais para a primeira inf\u00e2ncia.<\/p><p data-start=\"776\" data-end=\"929\">Aqui, n\u00e3o existe press\u00e3o, erro ou competi\u00e7\u00e3o. Cada atividade respeita o tempo da crian\u00e7a, estimulando a curiosidade, a autonomia e o prazer em descobrir.<\/p>\t\t\t\t\t\t\t\t<\/div>\n\t\t\t\t<div class=\"elementor-element elementor-element-c376aa6 elementor-widget elementor-widget-html\" data-id=\"c376aa6\" data-element_type=\"widget\" data-e-type=\"widget\" data-widget_type=\"html.default\">\n\t\t\t\t\t<img src='https:\/\/dallm.games\/novo\/wp-content\/uploads\/2025\/12\/ChatGPT-Image-22-de-dez.-de-2025-18_16_56.png' \/>\t\t\t\t<\/div>\n\t\t\t\t<div class=\"elementor-element elementor-element-d412b47 elementor-widget elementor-widget-image\" data-id=\"d412b47\" data-element_type=\"widget\" data-e-type=\"widget\" data-widget_type=\"image.default\">\n\t\t\t\t\t\t\t\t\t\t\t\t\t\t\t<img decoding=\"async\" width=\"751\" height=\"422\" src=\"https:\/\/dallm.games\/novo\/wp-content\/uploads\/2025\/12\/fazenda-1024x576.png\" class=\"attachment-large size-large wp-image-3431\" alt=\"\" srcset=\"https:\/\/dallm.games\/novo\/wp-content\/uploads\/2025\/12\/fazenda-1024x576.png 1024w, https:\/\/dallm.games\/novo\/wp-content\/uploads\/2025\/12\/fazenda-300x169.png 300w, https:\/\/dallm.games\/novo\/wp-content\/uploads\/2025\/12\/fazenda-768x432.png 768w, https:\/\/dallm.games\/novo\/wp-content\/uploads\/2025\/12\/fazenda-1536x864.png 1536w, https:\/\/dallm.games\/novo\/wp-content\/uploads\/2025\/12\/fazenda-2048x1152.png 2048w\" sizes=\"(max-width: 751px) 100vw, 751px\" \/>\t\t\t\t\t\t\t\t\t\t\t\t\t\t\t<\/div>\n\t\t\t\t<div class=\"elementor-element elementor-element-bfc113b elementor-widget elementor-widget-heading\" data-id=\"bfc113b\" data-element_type=\"widget\" data-e-type=\"widget\" data-widget_type=\"heading.default\">\n\t\t\t\t\t<h3 class=\"elementor-heading-title elementor-size-default\">Top Features:<\/h3>\t\t\t\t<\/div>\n\t\t\t\t<div class=\"elementor-element elementor-element-30bd49c elementor-widget elementor-widget-heading\" data-id=\"30bd49c\" data-element_type=\"widget\" data-e-type=\"widget\" data-widget_type=\"heading.default\">\n\t\t\t\t\t<h5 class=\"elementor-heading-title elementor-size-default\">APRENDER BRINCANDO<\/h5>\t\t\t\t<\/div>\n\t\t\t\t<div class=\"elementor-element elementor-element-d670967 elementor-widget elementor-widget-text-editor\" data-id=\"d670967\" data-element_type=\"widget\" data-e-type=\"widget\" data-widget_type=\"text-editor.default\">\n\t\t\t\t\t\t\t\t\t<p data-start=\"965\" data-end=\"1083\">O jogo foi pensado com foco no <strong data-start=\"996\" data-end=\"1033\">desenvolvimento cognitivo e motor<\/strong>, trabalhando diferentes \u00e1reas de forma integrada:<\/p>\n<p data-start=\"1087\" data-end=\"1138\">&#8211; Reconhecimento e associa\u00e7\u00e3o de <strong data-start=\"1118\" data-end=\"1138\">sons dos animais<\/strong>\n<br\/>&#8211; Organiza\u00e7\u00e3o de <strong data-start=\"1156\" data-end=\"1193\">pe\u00e7as em sequ\u00eancia e ordem l\u00f3gica<\/strong><br>&#8211; Est\u00edmulo \u00e0 <strong data-start=\"1207\" data-end=\"1234\">coordena\u00e7\u00e3o motora fina<\/strong><br>&#8211; Introdu\u00e7\u00e3o \u00e0 <strong data-start=\"1250\" data-end=\"1283\">escrita dos nomes dos animais<\/strong><br>&#8211; Aprendizado das <strong data-start=\"1302\" data-end=\"1311\">cores<\/strong> por meio de atividades de pintura<br>&#8211; Associa\u00e7\u00e3o entre imagem, som e palavra com <strong data-start=\"1391\" data-end=\"1407\">\u00e1udio falado<\/strong><\/p>\n<p data-start=\"1409\" data-end=\"1494\">Cada intera\u00e7\u00e3o foi desenhada para ser intuitiva, acess\u00edvel e adequada \u00e0 faixa et\u00e1ria.<\/p>\t\t\t\t\t\t\t\t<\/div>\n\t\t\t\t<div class=\"elementor-element elementor-element-6b11dcd elementor-widget elementor-widget-bameimage\" data-id=\"6b11dcd\" data-element_type=\"widget\" data-e-type=\"widget\" data-widget_type=\"bameimage.default\">\n\t\t\t\t<div class=\"elementor-widget-container\">\n\t\t\t\t\t<div class=\"img-box1\"><div class=\"img1 custom-anim-left wow\" data-wow-duration=\"1.5s\" data-wow-delay=\"0.2s\"><img decoding=\"async\" src=\"https:\/\/dallm.games\/novo\/wp-content\/uploads\/2025\/12\/puzzle-scaled.png\" alt=\"puzzle scaled\"  \/><\/div><\/div>\t\t\t\t<\/div>\n\t\t\t\t<\/div>\n\t\t\t\t<div class=\"elementor-element elementor-element-4aaa107 elementor-widget elementor-widget-heading\" data-id=\"4aaa107\" data-element_type=\"widget\" data-e-type=\"widget\" data-widget_type=\"heading.default\">\n\t\t\t\t\t<h5 class=\"elementor-heading-title elementor-size-default\">ATIVIDADES EDUCATIVAS<\/h5>\t\t\t\t<\/div>\n\t\t\t\t<div class=\"elementor-element elementor-element-7026313 elementor-widget elementor-widget-text-editor\" data-id=\"7026313\" data-element_type=\"widget\" data-e-type=\"widget\" data-widget_type=\"text-editor.default\">\n\t\t\t\t\t\t\t\t\t<p data-start=\"1534\" data-end=\"1557\">\ud83d\udd0a Sons dos Animais<\/p><p data-start=\"1558\" data-end=\"1689\">A crian\u00e7a toca nos animais e aprende a reconhecer seus sons, fortalecendo a percep\u00e7\u00e3o auditiva e a associa\u00e7\u00e3o entre imagem e \u00e1udio.<\/p><p data-start=\"1691\" data-end=\"1715\">\ud83e\udde9 Ordem e Sequ\u00eancia<\/p><p data-start=\"1716\" data-end=\"1828\">Jogos simples de encaixe e organiza\u00e7\u00e3o ajudam a desenvolver o racioc\u00ednio l\u00f3gico e a no\u00e7\u00e3o de come\u00e7o, meio e fim.<\/p><p data-start=\"1830\" data-end=\"1851\">\u270d\ufe0f Escrita Guiada<\/p><p data-start=\"1852\" data-end=\"1977\">Atividades que incentivam a escrever o nome dos animais, respeitando o ritmo da crian\u00e7a e refor\u00e7ando a alfabetiza\u00e7\u00e3o inicial.<\/p><p data-start=\"1979\" data-end=\"2001\">\ud83c\udfa8 Pintura e Cores<\/p><p data-start=\"2002\" data-end=\"2169\">Um jogo de pintura livre e guiado para aprender cores, estimular a criatividade e melhorar o controle motor, sempre com <strong data-start=\"2122\" data-end=\"2143\">narra\u00e7\u00e3o em \u00e1udio<\/strong> auxiliando a compreens\u00e3o.<\/p>\t\t\t\t\t\t\t\t<\/div>\n\t\t\t\t<div class=\"elementor-element elementor-element-14c1510 elementor-widget elementor-widget-heading\" data-id=\"14c1510\" data-element_type=\"widget\" data-e-type=\"widget\" data-widget_type=\"heading.default\">\n\t\t\t\t\t<h5 class=\"elementor-heading-title elementor-size-default\">PENSADO PARA CRIAN\u00c7AS. CONFI\u00c1VEL PARA OS PAIS!<\/h5>\t\t\t\t<\/div>\n\t\t\t\t<div class=\"elementor-element elementor-element-6f58b4b elementor-widget elementor-widget-text-editor\" data-id=\"6f58b4b\" data-element_type=\"widget\" data-e-type=\"widget\" data-widget_type=\"text-editor.default\">\n\t\t\t\t\t\t\t\t\t&#8211; Interface simples e amig\u00e1vel\n<br>&#8211; Sem leitura obrigat\u00f3ria\n<br>&#8211; Sem tempo limite ou puni\u00e7\u00f5es\n<br>&#8211; Conte\u00fado adequado para a primeira inf\u00e2ncia\n<br>&#8211; Aprendizado com refor\u00e7o positivo<br>&#8211; Ideal para uso em casa ou como apoio educacional<\/p>\n<\/li>\n<\/ul>\t\t\t\t\t\t\t\t<\/div>\n\t\t\t\t<div class=\"elementor-element elementor-element-7aa1b51 elementor-widget elementor-widget-bameimage\" data-id=\"7aa1b51\" data-element_type=\"widget\" data-e-type=\"widget\" data-widget_type=\"bameimage.default\">\n\t\t\t\t<div class=\"elementor-widget-container\">\n\t\t\t\t\t<div class=\"img-box1\"><div class=\"img1 custom-anim-left wow\" data-wow-duration=\"1.5s\" data-wow-delay=\"0.2s\"><img decoding=\"async\" src=\"https:\/\/dallm.games\/novo\/wp-content\/uploads\/2025\/12\/cores-scaled.png\" alt=\"cores scaled\"  \/><\/div><\/div>\t\t\t\t<\/div>\n\t\t\t\t<\/div>\n\t\t\t\t<\/div>\n\t\t<div class=\"elementor-element elementor-element-a0bfefc e-con-full e-flex e-con e-child\" data-id=\"a0bfefc\" data-element_type=\"container\" data-e-type=\"container\">\n\t\t\t\t<div class=\"elementor-element elementor-element-d12d88a elementor-widget elementor-widget-bamedownload\" data-id=\"d12d88a\" data-element_type=\"widget\" data-e-type=\"widget\" data-widget_type=\"bamedownload.default\">\n\t\t\t\t<div class=\"elementor-widget-container\">\n\t\t\t\t\t<div class=\"widget  \"><div class=\"widget-game-info\"><div class=\"player-logo\"><img decoding=\"async\" src=\"https:\/\/dallm.games\/novo\/wp-content\/uploads\/2025\/12\/Fundo-mariazinha.png\" alt=\"Fundo mariazinha\"  \/><\/div><h2 class=\"game-info-title title\">DISPON\u00cdVEL PARA ANDROID<\/h2><div class=\"game-meta-list desc\"><span>Educativo<\/span>\n<span>Cognitivo<\/span>\n<span>Mobile<\/span>\n<br><\/div><div class=\"game-rating-info\"><div class=\"rating-wrap\"><span class=\"game-rating\"><span \/><i class='fas fa-star'><\/i><span> 5 - 100%<\/span><span class=\"review-count\">Reviews<\/span><\/div><div class=\"download-wrap\"><h5 class=\"download-wrap-title\">+100<\/h5><span class=\"download-wrap-text\">Downloads<\/span><\/div><\/div><div class=\"btn-wrap\"><a href=\"https:\/\/play.google.com\/store\/apps\/details?id=com.DallmGamesStudio.SonsDaFazenda&#038;hl=pt\"><img decoding=\"async\" src=\"https:\/\/dallm.games\/novo\/wp-content\/uploads\/2025\/12\/disponivel-google-play-badge-scaled.png\" alt=\"disponivel google play badge scaled\"  \/><\/a><a href=\"https:\/\/dallm.games\/novo\/o-mundo-de-mariazinha-jogar-online\/\"><img decoding=\"async\" src=\"https:\/\/dallm.games\/novo\/wp-content\/uploads\/2025\/12\/ChatGPT_Image_22_de_dez._de_2025__18_16_56-removebg-preview.png\" alt=\"ChatGPT_Image_22_de_dez._de_2025__18_16_56 removebg preview\"  \/><\/a><\/div><\/div><\/div>\t\t\t\t<\/div>\n\t\t\t\t<\/div>\n\t\t\t\t<\/div>\n\t\t\t\t\t<\/div>\n\t\t\t\t<\/div>\n\t\t<div class=\"elementor-element elementor-element-87fd1cf e-flex e-con-boxed e-con e-parent\" data-id=\"87fd1cf\" data-element_type=\"container\" data-e-type=\"container\">\n\t\t\t\t\t<div class=\"e-con-inner\">\n\t\t\t\t\t<\/div>\n\t\t\t\t<\/div>\n\t\t\t\t<\/div>\n\t\t","protected":false},"excerpt":{"rendered":"<p>O Mundo de Mariazinha Pre\u00e7o: R$ GR\u00c1TIS! O Mundo de Mariazinha \u00e9 um jogo mobile educativo criado especialmente para crian\u00e7as de 3 a 6 anos, onde aprender acontece de forma natural, leve e divertida. Em um ambiente colorido, seguro e cheio de carinho, as crian\u00e7as exploram um universo inspirado na fazenda, interagindo com animais, sons,&#8230;<\/p>\n","protected":false},"author":1,"featured_media":0,"parent":0,"menu_order":0,"comment_status":"closed","ping_status":"closed","template":"template-builder.php","meta":{"pagelayer_contact_templates":[],"_pagelayer_content":"","footnotes":""},"class_list":["post-3427","page","type-page","status-publish","hentry"],"yoast_head":"<!-- This site is optimized with the Yoast SEO plugin v27.6 - https:\/\/yoast.com\/product\/yoast-seo-wordpress\/ -->\n<title>O Mundo de Mariazinha - Dallm Games Studio<\/title>\n<meta name=\"robots\" content=\"index, follow, max-snippet:-1, max-image-preview:large, max-video-preview:-1\" \/>\n<link rel=\"canonical\" href=\"https:\/\/dallm.games\/novo\/o-mundo-de-mariazinha\/\" \/>\n<meta property=\"og:locale\" content=\"pt_BR\" \/>\n<meta property=\"og:type\" content=\"article\" \/>\n<meta property=\"og:title\" content=\"O Mundo de Mariazinha - Dallm Games Studio\" \/>\n<meta property=\"og:description\" content=\"O Mundo de Mariazinha Pre\u00e7o: R$ GR\u00c1TIS! O Mundo de Mariazinha \u00e9 um jogo mobile educativo criado especialmente para crian\u00e7as de 3 a 6 anos, onde aprender acontece de forma natural, leve e divertida. Em um ambiente colorido, seguro e cheio de carinho, as crian\u00e7as exploram um universo inspirado na fazenda, interagindo com animais, sons,...\" \/>\n<meta property=\"og:url\" content=\"https:\/\/dallm.games\/novo\/o-mundo-de-mariazinha\/\" \/>\n<meta property=\"og:site_name\" content=\"Dallm Games Studio\" \/>\n<meta property=\"article:modified_time\" content=\"2025-12-22T21:24:53+00:00\" \/>\n<meta property=\"og:image\" content=\"https:\/\/dallm.games\/novo\/wp-content\/uploads\/2025\/12\/mundo-mariazinha-scaled.png\" \/>\n\t<meta property=\"og:image:width\" content=\"2560\" \/>\n\t<meta property=\"og:image:height\" content=\"1440\" \/>\n\t<meta property=\"og:image:type\" content=\"image\/png\" \/>\n<meta name=\"twitter:card\" content=\"summary_large_image\" \/>\n<meta name=\"twitter:label1\" content=\"Est. tempo de leitura\" \/>\n\t<meta name=\"twitter:data1\" content=\"2 minutos\" \/>\n<script type=\"application\/ld+json\" class=\"yoast-schema-graph\">{\"@context\":\"https:\\\/\\\/schema.org\",\"@graph\":[{\"@type\":\"WebPage\",\"@id\":\"https:\\\/\\\/dallm.games\\\/novo\\\/o-mundo-de-mariazinha\\\/\",\"url\":\"https:\\\/\\\/dallm.games\\\/novo\\\/o-mundo-de-mariazinha\\\/\",\"name\":\"O Mundo de Mariazinha - Dallm Games Studio\",\"isPartOf\":{\"@id\":\"https:\\\/\\\/dallm.games\\\/novo\\\/#website\"},\"primaryImageOfPage\":{\"@id\":\"https:\\\/\\\/dallm.games\\\/novo\\\/o-mundo-de-mariazinha\\\/#primaryimage\"},\"image\":{\"@id\":\"https:\\\/\\\/dallm.games\\\/novo\\\/o-mundo-de-mariazinha\\\/#primaryimage\"},\"thumbnailUrl\":\"https:\\\/\\\/dallm.games\\\/novo\\\/wp-content\\\/uploads\\\/2025\\\/12\\\/mundo-mariazinha-scaled.png\",\"datePublished\":\"2025-12-19T14:29:22+00:00\",\"dateModified\":\"2025-12-22T21:24:53+00:00\",\"breadcrumb\":{\"@id\":\"https:\\\/\\\/dallm.games\\\/novo\\\/o-mundo-de-mariazinha\\\/#breadcrumb\"},\"inLanguage\":\"pt-BR\",\"potentialAction\":[{\"@type\":\"ReadAction\",\"target\":[\"https:\\\/\\\/dallm.games\\\/novo\\\/o-mundo-de-mariazinha\\\/\"]}]},{\"@type\":\"ImageObject\",\"inLanguage\":\"pt-BR\",\"@id\":\"https:\\\/\\\/dallm.games\\\/novo\\\/o-mundo-de-mariazinha\\\/#primaryimage\",\"url\":\"https:\\\/\\\/dallm.games\\\/novo\\\/wp-content\\\/uploads\\\/2025\\\/12\\\/mundo-mariazinha-scaled.png\",\"contentUrl\":\"https:\\\/\\\/dallm.games\\\/novo\\\/wp-content\\\/uploads\\\/2025\\\/12\\\/mundo-mariazinha-scaled.png\",\"width\":2560,\"height\":1440},{\"@type\":\"BreadcrumbList\",\"@id\":\"https:\\\/\\\/dallm.games\\\/novo\\\/o-mundo-de-mariazinha\\\/#breadcrumb\",\"itemListElement\":[{\"@type\":\"ListItem\",\"position\":1,\"name\":\"Home\",\"item\":\"https:\\\/\\\/dallm.games\\\/novo\\\/\"},{\"@type\":\"ListItem\",\"position\":2,\"name\":\"O Mundo de Mariazinha\"}]},{\"@type\":\"WebSite\",\"@id\":\"https:\\\/\\\/dallm.games\\\/novo\\\/#website\",\"url\":\"https:\\\/\\\/dallm.games\\\/novo\\\/\",\"name\":\"Dallm Games Studio\",\"description\":\"Desenvolvedora Independente de Jodos em territ&oacute;rio capixaba\",\"publisher\":{\"@id\":\"https:\\\/\\\/dallm.games\\\/novo\\\/#organization\"},\"potentialAction\":[{\"@type\":\"SearchAction\",\"target\":{\"@type\":\"EntryPoint\",\"urlTemplate\":\"https:\\\/\\\/dallm.games\\\/novo\\\/?s={search_term_string}\"},\"query-input\":{\"@type\":\"PropertyValueSpecification\",\"valueRequired\":true,\"valueName\":\"search_term_string\"}}],\"inLanguage\":\"pt-BR\"},{\"@type\":\"Organization\",\"@id\":\"https:\\\/\\\/dallm.games\\\/novo\\\/#organization\",\"name\":\"Dallm Games Studio\",\"url\":\"https:\\\/\\\/dallm.games\\\/novo\\\/\",\"logo\":{\"@type\":\"ImageObject\",\"inLanguage\":\"pt-BR\",\"@id\":\"https:\\\/\\\/dallm.games\\\/novo\\\/#\\\/schema\\\/logo\\\/image\\\/\",\"url\":\"https:\\\/\\\/dallm.games\\\/novo\\\/wp-content\\\/uploads\\\/2025\\\/12\\\/Horizontal-Color-e1764886980996.png\",\"contentUrl\":\"https:\\\/\\\/dallm.games\\\/novo\\\/wp-content\\\/uploads\\\/2025\\\/12\\\/Horizontal-Color-e1764886980996.png\",\"width\":200,\"height\":40,\"caption\":\"Dallm Games Studio\"},\"image\":{\"@id\":\"https:\\\/\\\/dallm.games\\\/novo\\\/#\\\/schema\\\/logo\\\/image\\\/\"}}]}<\/script>\n<!-- \/ Yoast SEO plugin. -->","yoast_head_json":{"title":"O Mundo de Mariazinha - Dallm Games Studio","robots":{"index":"index","follow":"follow","max-snippet":"max-snippet:-1","max-image-preview":"max-image-preview:large","max-video-preview":"max-video-preview:-1"},"canonical":"https:\/\/dallm.games\/novo\/o-mundo-de-mariazinha\/","og_locale":"pt_BR","og_type":"article","og_title":"O Mundo de Mariazinha - Dallm Games Studio","og_description":"O Mundo de Mariazinha Pre\u00e7o: R$ GR\u00c1TIS! O Mundo de Mariazinha \u00e9 um jogo mobile educativo criado especialmente para crian\u00e7as de 3 a 6 anos, onde aprender acontece de forma natural, leve e divertida. Em um ambiente colorido, seguro e cheio de carinho, as crian\u00e7as exploram um universo inspirado na fazenda, interagindo com animais, sons,...","og_url":"https:\/\/dallm.games\/novo\/o-mundo-de-mariazinha\/","og_site_name":"Dallm Games Studio","article_modified_time":"2025-12-22T21:24:53+00:00","og_image":[{"width":2560,"height":1440,"url":"https:\/\/dallm.games\/novo\/wp-content\/uploads\/2025\/12\/mundo-mariazinha-scaled.png","type":"image\/png"}],"twitter_card":"summary_large_image","twitter_misc":{"Est. tempo de leitura":"2 minutos"},"schema":{"@context":"https:\/\/schema.org","@graph":[{"@type":"WebPage","@id":"https:\/\/dallm.games\/novo\/o-mundo-de-mariazinha\/","url":"https:\/\/dallm.games\/novo\/o-mundo-de-mariazinha\/","name":"O Mundo de Mariazinha - Dallm Games Studio","isPartOf":{"@id":"https:\/\/dallm.games\/novo\/#website"},"primaryImageOfPage":{"@id":"https:\/\/dallm.games\/novo\/o-mundo-de-mariazinha\/#primaryimage"},"image":{"@id":"https:\/\/dallm.games\/novo\/o-mundo-de-mariazinha\/#primaryimage"},"thumbnailUrl":"https:\/\/dallm.games\/novo\/wp-content\/uploads\/2025\/12\/mundo-mariazinha-scaled.png","datePublished":"2025-12-19T14:29:22+00:00","dateModified":"2025-12-22T21:24:53+00:00","breadcrumb":{"@id":"https:\/\/dallm.games\/novo\/o-mundo-de-mariazinha\/#breadcrumb"},"inLanguage":"pt-BR","potentialAction":[{"@type":"ReadAction","target":["https:\/\/dallm.games\/novo\/o-mundo-de-mariazinha\/"]}]},{"@type":"ImageObject","inLanguage":"pt-BR","@id":"https:\/\/dallm.games\/novo\/o-mundo-de-mariazinha\/#primaryimage","url":"https:\/\/dallm.games\/novo\/wp-content\/uploads\/2025\/12\/mundo-mariazinha-scaled.png","contentUrl":"https:\/\/dallm.games\/novo\/wp-content\/uploads\/2025\/12\/mundo-mariazinha-scaled.png","width":2560,"height":1440},{"@type":"BreadcrumbList","@id":"https:\/\/dallm.games\/novo\/o-mundo-de-mariazinha\/#breadcrumb","itemListElement":[{"@type":"ListItem","position":1,"name":"Home","item":"https:\/\/dallm.games\/novo\/"},{"@type":"ListItem","position":2,"name":"O Mundo de Mariazinha"}]},{"@type":"WebSite","@id":"https:\/\/dallm.games\/novo\/#website","url":"https:\/\/dallm.games\/novo\/","name":"Dallm Games Studio","description":"Desenvolvedora Independente de Jodos em territ&oacute;rio capixaba","publisher":{"@id":"https:\/\/dallm.games\/novo\/#organization"},"potentialAction":[{"@type":"SearchAction","target":{"@type":"EntryPoint","urlTemplate":"https:\/\/dallm.games\/novo\/?s={search_term_string}"},"query-input":{"@type":"PropertyValueSpecification","valueRequired":true,"valueName":"search_term_string"}}],"inLanguage":"pt-BR"},{"@type":"Organization","@id":"https:\/\/dallm.games\/novo\/#organization","name":"Dallm Games Studio","url":"https:\/\/dallm.games\/novo\/","logo":{"@type":"ImageObject","inLanguage":"pt-BR","@id":"https:\/\/dallm.games\/novo\/#\/schema\/logo\/image\/","url":"https:\/\/dallm.games\/novo\/wp-content\/uploads\/2025\/12\/Horizontal-Color-e1764886980996.png","contentUrl":"https:\/\/dallm.games\/novo\/wp-content\/uploads\/2025\/12\/Horizontal-Color-e1764886980996.png","width":200,"height":40,"caption":"Dallm Games Studio"},"image":{"@id":"https:\/\/dallm.games\/novo\/#\/schema\/logo\/image\/"}}]}},"_links":{"self":[{"href":"https:\/\/dallm.games\/novo\/wp-json\/wp\/v2\/pages\/3427","targetHints":{"allow":["GET"]}}],"collection":[{"href":"https:\/\/dallm.games\/novo\/wp-json\/wp\/v2\/pages"}],"about":[{"href":"https:\/\/dallm.games\/novo\/wp-json\/wp\/v2\/types\/page"}],"author":[{"embeddable":true,"href":"https:\/\/dallm.games\/novo\/wp-json\/wp\/v2\/users\/1"}],"replies":[{"embeddable":true,"href":"https:\/\/dallm.games\/novo\/wp-json\/wp\/v2\/comments?post=3427"}],"version-history":[{"count":10,"href":"https:\/\/dallm.games\/novo\/wp-json\/wp\/v2\/pages\/3427\/revisions"}],"predecessor-version":[{"id":3719,"href":"https:\/\/dallm.games\/novo\/wp-json\/wp\/v2\/pages\/3427\/revisions\/3719"}],"wp:attachment":[{"href":"https:\/\/dallm.games\/novo\/wp-json\/wp\/v2\/media?parent=3427"}],"curies":[{"name":"wp","href":"https:\/\/api.w.org\/{rel}","templated":true}]}}