{"id":3632,"date":"2025-12-22T18:33:53","date_gmt":"2025-12-22T18:33:53","guid":{"rendered":"https:\/\/dallm.games\/novo\/?page_id=3632"},"modified":"2025-12-22T19:41:31","modified_gmt":"2025-12-22T19:41:31","slug":"roots-land-rebirth","status":"publish","type":"page","link":"https:\/\/dallm.games\/novo\/roots-land-rebirth\/","title":{"rendered":"Roots of the Land &#8211; Rebirth"},"content":{"rendered":"\t\t<div data-elementor-type=\"wp-page\" data-elementor-id=\"3632\" class=\"elementor elementor-3632\" data-elementor-post-type=\"page\">\n\t\t\t\t<div class=\"elementor-element elementor-element-856971e e-flex e-con-boxed e-con e-parent\" data-id=\"856971e\" data-element_type=\"container\" data-e-type=\"container\">\n\t\t\t\t\t<div class=\"e-con-inner\">\n\t\t<div class=\"elementor-element elementor-element-c43ee16 e-con-full e-flex e-con e-child\" data-id=\"c43ee16\" data-element_type=\"container\" data-e-type=\"container\">\n\t\t\t\t<div class=\"elementor-element elementor-element-ae2c7bc elementor-widget elementor-widget-image\" data-id=\"ae2c7bc\" data-element_type=\"widget\" data-e-type=\"widget\" data-widget_type=\"image.default\">\n\t\t\t\t\t\t\t\t\t\t\t\t\t\t\t<img fetchpriority=\"high\" decoding=\"async\" width=\"1536\" height=\"1024\" src=\"https:\/\/dallm.games\/novo\/wp-content\/uploads\/2025\/12\/ChatGPT-Image-22-de-dez.-de-2025-15_13_04.png\" class=\"attachment-full size-full wp-image-3633\" alt=\"\" srcset=\"https:\/\/dallm.games\/novo\/wp-content\/uploads\/2025\/12\/ChatGPT-Image-22-de-dez.-de-2025-15_13_04.png 1536w, https:\/\/dallm.games\/novo\/wp-content\/uploads\/2025\/12\/ChatGPT-Image-22-de-dez.-de-2025-15_13_04-300x200.png 300w, https:\/\/dallm.games\/novo\/wp-content\/uploads\/2025\/12\/ChatGPT-Image-22-de-dez.-de-2025-15_13_04-1024x683.png 1024w, https:\/\/dallm.games\/novo\/wp-content\/uploads\/2025\/12\/ChatGPT-Image-22-de-dez.-de-2025-15_13_04-768x512.png 768w\" sizes=\"(max-width: 1536px) 100vw, 1536px\" \/>\t\t\t\t\t\t\t\t\t\t\t\t\t\t\t<\/div>\n\t\t<div class=\"elementor-element elementor-element-8944d59 e-con-full e-flex e-con e-child\" data-id=\"8944d59\" data-element_type=\"container\" data-e-type=\"container\">\n\t\t\t\t<div class=\"elementor-element elementor-element-3ee5234 elementor-widget elementor-widget-heading\" data-id=\"3ee5234\" data-element_type=\"widget\" data-e-type=\"widget\" data-widget_type=\"heading.default\">\n\t\t\t\t\t<h2 class=\"elementor-heading-title elementor-size-default\">ROOTS OF THE LAND - Rebirth<\/h2>\t\t\t\t<\/div>\n\t\t\r\n\t\t<div class=\"elementor-element elementor-element-545044e elementor-widget elementor-widget-text-editor\" data-id=\"545044e\" data-element_type=\"widget\" data-e-type=\"widget\" data-widget_type=\"text-editor.default\">\n\t\t\t\t\t\t\t\t\t<div class=\"game-meta\">Pre\u00e7o: R$ <span style=\"color: #45f882;\">A DEFINIR!<\/span><\/div>\t\t\t\t\t\t\t\t<\/div>\n\t\t\t\t<\/div>\n\t\t\t\t<div class=\"elementor-element elementor-element-6787407 elementor-widget elementor-widget-text-editor\" data-id=\"6787407\" data-element_type=\"widget\" data-e-type=\"widget\" data-widget_type=\"text-editor.default\">\n\t\t\t\t\t\t\t\t\t<p data-start=\"329\" data-end=\"634\"><strong data-start=\"329\" data-end=\"359\">Roots of the Land: Rebirth<\/strong> \u00e9 um <strong data-start=\"365\" data-end=\"396\">simulador de fazenda casual<\/strong> que une tranquilidade, prop\u00f3sito e consci\u00eancia ambiental. No papel de <strong data-start=\"467\" data-end=\"477\">Tunico<\/strong>, irm\u00e3o de Maria (protagonista de <em data-start=\"511\" data-end=\"536\">The Sintonia Chronicles<\/em>), voc\u00ea herda uma <strong data-start=\"554\" data-end=\"584\">fazenda antiga e degradada<\/strong>, carregada de hist\u00f3ria, mas esquecida pelo tempo.<\/p><p data-start=\"636\" data-end=\"684\">Agora, cabe a voc\u00ea decidir o futuro dessa terra.<\/p><p data-start=\"686\" data-end=\"868\">Mais do que plantar e colher, <em data-start=\"716\" data-end=\"725\">Rebirth<\/em> convida o jogador a <strong data-start=\"746\" data-end=\"803\">reconstruir a rela\u00e7\u00e3o entre o ser humano e a natureza<\/strong>, aprendendo que prosperidade e sustentabilidade caminham juntas.<\/p>\t\t\t\t\t\t\t\t<\/div>\n\t\t\t\t<div class=\"elementor-element elementor-element-4ea574d elementor-widget elementor-widget-heading\" data-id=\"4ea574d\" data-element_type=\"widget\" data-e-type=\"widget\" data-widget_type=\"heading.default\">\n\t\t\t\t\t<h3 class=\"elementor-heading-title elementor-size-default\">Uma fazenda que renasce com suas escolhas<\/h3>\t\t\t\t<\/div>\n\t\t\t\t<div class=\"elementor-element elementor-element-fdae865 elementor-widget elementor-widget-text-editor\" data-id=\"fdae865\" data-element_type=\"widget\" data-e-type=\"widget\" data-widget_type=\"text-editor.default\">\n\t\t\t\t\t\t\t\t\t<p data-start=\"925\" data-end=\"1057\">Ao iniciar a jornada, a fazenda est\u00e1 empobrecida, com solo cansado, \u00e1reas abandonadas e poucos recursos. Aos poucos, voc\u00ea aprende a:<\/p>\n\n<p>&#8211; Recuperar o solo e os recursos naturais\n<br>&#8211; Plantar, colher e criar animais de forma consciente\n<br>&#8211; Construir estruturas \u00fateis e harm\u00f4nicas com o ambiente\n<br>&#8211; Gerenciar energia, tempo e recursos com equil\u00edbrio\n<br>&#8211; Transformar uma terra degradada em um espa\u00e7o vivo, bonito e sustent\u00e1vel<\/p>\n\n<p data-start=\"1350\" data-end=\"1425\">Cada decis\u00e3o impacta o mundo ao seu redor \u2014 a terra responde \u00e0s suas a\u00e7\u00f5es.<\/p>\t\t\t\t\t\t\t\t<\/div>\n\t\t\t\t<div class=\"elementor-element elementor-element-cd5a47a elementor-widget elementor-widget-heading\" data-id=\"cd5a47a\" data-element_type=\"widget\" data-e-type=\"widget\" data-widget_type=\"heading.default\">\n\t\t\t\t\t<h3 class=\"elementor-heading-title elementor-size-default\">Sustentabilidade como mec\u00e2nica, n\u00e3o apenas discurso<\/h3>\t\t\t\t<\/div>\n\t\t\t\t<div class=\"elementor-element elementor-element-205b082 elementor-widget elementor-widget-text-editor\" data-id=\"205b082\" data-element_type=\"widget\" data-e-type=\"widget\" data-widget_type=\"text-editor.default\">\n\t\t\t\t\t\t\t\t\t<p data-start=\"1492\" data-end=\"1613\">Diferente de simuladores tradicionais, <strong data-start=\"1531\" data-end=\"1561\">Roots of the Land: Rebirth<\/strong> traz a <strong data-start=\"1569\" data-end=\"1612\">ecologia como parte central da gameplay<\/strong>:<\/p><p>&#8211; Uso consciente dos recursos naturais<br \/>&#8211; Valoriza\u00e7\u00e3o do reaproveitamento e da restaura\u00e7\u00e3o<\/p><p>&#8211; Impactos vis\u00edveis de pr\u00e1ticas sustent\u00e1veis ou predat\u00f3rias<br \/>&#8211; Incentivo \u00e0 conviv\u00eancia equilibrada com fauna, flora e ciclos naturais<\/p><p data-start=\"1847\" data-end=\"1945\">Aqui, crescer n\u00e3o significa explorar tudo \u2014 significa <strong data-start=\"1901\" data-end=\"1944\">cuidar para que tudo continue existindo<\/strong>.<\/p>\t\t\t\t\t\t\t\t<\/div>\n\t\t\t\t<div class=\"elementor-element elementor-element-72c3afb elementor-widget elementor-widget-heading\" data-id=\"72c3afb\" data-element_type=\"widget\" data-e-type=\"widget\" data-widget_type=\"heading.default\">\n\t\t\t\t\t<h3 class=\"elementor-heading-title elementor-size-default\">Um simulador acess\u00edvel, vivo e acolhedor<\/h3>\t\t\t\t<\/div>\n\t\t\t\t<div class=\"elementor-element elementor-element-1cef6c3 elementor-widget elementor-widget-text-editor\" data-id=\"1cef6c3\" data-element_type=\"widget\" data-e-type=\"widget\" data-widget_type=\"text-editor.default\">\n\t\t\t\t\t\t\t\t\t<p data-start=\"2452\" data-end=\"2550\">Desenvolvido sobre uma base s\u00f3lida de sistemas de simula\u00e7\u00e3o, <em data-start=\"2513\" data-end=\"2541\">Roots of the Land: Rebirth<\/em> oferece:<\/p>\n\n<p>&#8211; Agricultura, cria\u00e7\u00e3o de animais e coleta de recursos\n<br>-Crafting, culin\u00e1ria e com\u00e9rcio\n<br>&#8211; NPCs, lojas e progress\u00e3o de personagem\n<br>&#8211; Ciclo de dia e noite, esta\u00e7\u00f5es e eventos\n<br>&#8211; Uma experi\u00eancia <strong data-start=\"2750\" data-end=\"2760\">casual<\/strong>, acess\u00edvel e relaxante<\/p>\n\n<p data-start=\"2787\" data-end=\"2896\">Tudo isso com foco em <strong data-start=\"2809\" data-end=\"2832\">jogabilidade fluida<\/strong>, ideal para sess\u00f5es curtas ou longas, sem pressa e sem press\u00e3o.<\/p>\t\t\t\t\t\t\t\t<\/div>\n\t\t\t\t<\/div>\n\t\t<div class=\"elementor-element elementor-element-a0bfefc e-con-full e-flex e-con e-child\" data-id=\"a0bfefc\" data-element_type=\"container\" data-e-type=\"container\">\n\t\t\t\t<div class=\"elementor-element elementor-element-d12d88a elementor-widget elementor-widget-bamedownload\" data-id=\"d12d88a\" data-element_type=\"widget\" data-e-type=\"widget\" data-widget_type=\"bamedownload.default\">\n\t\t\t\t<div class=\"elementor-widget-container\">\n\t\t\t\t\t<div class=\"widget  \"><div class=\"widget-game-info\"><div class=\"player-logo\"><img decoding=\"async\" src=\"https:\/\/dallm.games\/novo\/wp-content\/uploads\/2025\/12\/Fundo.png\" alt=\"Fundo\"  \/><\/div><h2 class=\"game-info-title title\">LAN\u00c7AMENTO EM 2027<\/h2><div class=\"game-meta-list desc\"><span>CASUAL<\/span>\n<span>EDUCATIVO<\/span>\n<span>PC\/Mobile<\/span>\n<br><\/div><div class=\"game-rating-info\"><div class=\"rating-wrap\"><span class=\"game-rating\"><span \/><i class='fas fa-star'><\/i><span> --%<\/span><span class=\"review-count\">Reviews<\/span><\/div><div class=\"download-wrap\"><h5 class=\"download-wrap-title\">000<\/h5><span class=\"download-wrap-text\">Downloads<\/span><\/div><\/div><div class=\"btn-wrap\"><\/div><\/div><\/div>\t\t\t\t<\/div>\n\t\t\t\t<\/div>\n\t\t\t\t<\/div>\n\t\t\t\t\t<\/div>\n\t\t\t\t<\/div>\n\t\t<div class=\"elementor-element elementor-element-66624d2 e-flex e-con-boxed e-con e-parent\" data-id=\"66624d2\" data-element_type=\"container\" data-e-type=\"container\">\n\t\t\t\t\t<div class=\"e-con-inner\">\n\t\t\t\t<div class=\"elementor-element elementor-element-f939e1d elementor-widget elementor-widget-bamegallery\" data-id=\"f939e1d\" data-element_type=\"widget\" data-e-type=\"widget\" data-widget_type=\"bamegallery.default\">\n\t\t\t\t<div class=\"elementor-widget-container\">\n\t\t\t\t\t<div class=\"gallery-area-1 overflow-hidden text-center\"><div class=\"slider-area gallery-slider1\"><div class=\"swiper th-slider\" id=\"gallerySlider1\" data-slider-options='{\"breakpoints\":{\"0\":{\"slidesPerView\":1},\"576\":{\"slidesPerView\":\"1\"},\"768\":{\"slidesPerView\":\"2\"},\"992\":{\"slidesPerView\":\"2\"},\"1200\":{\"slidesPerView\":\"3\"}},\"effect\":\"coverflow\",\"coverflowEffect\":{\"rotate\":\"0\",\"stretch\":\"0\",\"depth\":\"150\",\"modifier\":\"1\"},\"centeredSlides\":\"true\"}'><div class=\"swiper-wrapper\"><div class=\"swiper-slide gallery-wrap1\"><div class=\"th-video\"><img decoding=\"async\" src=\"https:\/\/dallm.games\/novo\/wp-content\/uploads\/2025\/12\/print1.png\" alt=\"print1\"  \/><a href=\"https:\/\/dallm.games\/novo\/wp-content\/uploads\/2025\/12\/print1.png\" class=\"play-btn popup-image style3\"><i class=\"fa-solid fa-arrow-up-right\"><\/i><\/a><\/div><\/div><div class=\"swiper-slide gallery-wrap1\"><div class=\"th-video\"><img decoding=\"async\" src=\"https:\/\/dallm.games\/novo\/wp-content\/uploads\/2025\/12\/print2.png\" alt=\"print2\"  \/><a href=\"https:\/\/dallm.games\/novo\/wp-content\/uploads\/2025\/12\/print2.png\" class=\"play-btn popup-image style3\"><i class=\"fa-solid fa-arrow-up-right\"><\/i><\/a><\/div><\/div><div class=\"swiper-slide gallery-wrap1\"><div class=\"th-video\"><img decoding=\"async\" src=\"https:\/\/dallm.games\/novo\/wp-content\/uploads\/2025\/12\/print3.png\" alt=\"print3\"  \/><a href=\"https:\/\/dallm.games\/novo\/wp-content\/uploads\/2025\/12\/print3.png\" class=\"play-btn popup-image style3\"><i class=\"fa-solid fa-arrow-up-right\"><\/i><\/a><\/div><\/div><div class=\"swiper-slide gallery-wrap1\"><div class=\"th-video\"><img decoding=\"async\" src=\"https:\/\/dallm.games\/novo\/wp-content\/uploads\/2025\/12\/print4.png\" alt=\"print4\"  \/><a href=\"https:\/\/dallm.games\/novo\/wp-content\/uploads\/2025\/12\/print4.png\" class=\"play-btn popup-image style3\"><i class=\"fa-solid fa-arrow-up-right\"><\/i><\/a><\/div><\/div><\/div><\/div><button data-slider-prev=\"#gallerySlider1\" class=\"slider-arrow slider-prev\"><i class=\"fas fa-angle-left\"><\/i><\/button><button data-slider-next=\"#gallerySlider1\" class=\"slider-arrow slider-next\"><i class=\"fas fa-angle-right\"><\/i><\/button><\/div><\/div>\t\t\t\t<\/div>\n\t\t\t\t<\/div>\n\t\t\t\t\t<\/div>\n\t\t\t\t<\/div>\n\t\t\t\t<\/div>\n\t\t","protected":false},"excerpt":{"rendered":"<p>ROOTS OF THE LAND &#8211; Rebirth Pre\u00e7o: R$ A DEFINIR! Roots of the Land: Rebirth \u00e9 um simulador de fazenda casual que une tranquilidade, prop\u00f3sito e consci\u00eancia ambiental. No papel de Tunico, irm\u00e3o de Maria (protagonista de The Sintonia Chronicles), voc\u00ea herda uma fazenda antiga e degradada, carregada de hist\u00f3ria, mas esquecida pelo tempo. Agora,&#8230;<\/p>\n","protected":false},"author":1,"featured_media":0,"parent":0,"menu_order":0,"comment_status":"closed","ping_status":"closed","template":"template-builder.php","meta":{"pagelayer_contact_templates":[],"_pagelayer_content":"","footnotes":""},"class_list":["post-3632","page","type-page","status-publish","hentry"],"yoast_head":"<!-- This site is optimized with the Yoast SEO plugin v27.6 - https:\/\/yoast.com\/product\/yoast-seo-wordpress\/ -->\n<title>Roots of the Land - Rebirth - Dallm Games Studio<\/title>\n<meta name=\"robots\" content=\"index, follow, max-snippet:-1, max-image-preview:large, max-video-preview:-1\" \/>\n<link rel=\"canonical\" href=\"https:\/\/dallm.games\/novo\/roots-land-rebirth\/\" \/>\n<meta property=\"og:locale\" content=\"pt_BR\" \/>\n<meta property=\"og:type\" content=\"article\" \/>\n<meta property=\"og:title\" content=\"Roots of the Land - Rebirth - Dallm Games Studio\" \/>\n<meta property=\"og:description\" content=\"ROOTS OF THE LAND &#8211; Rebirth Pre\u00e7o: R$ A DEFINIR! Roots of the Land: Rebirth \u00e9 um simulador de fazenda casual que une tranquilidade, prop\u00f3sito e consci\u00eancia ambiental. No papel de Tunico, irm\u00e3o de Maria (protagonista de The Sintonia Chronicles), voc\u00ea herda uma fazenda antiga e degradada, carregada de hist\u00f3ria, mas esquecida pelo tempo. Agora,...\" \/>\n<meta property=\"og:url\" content=\"https:\/\/dallm.games\/novo\/roots-land-rebirth\/\" \/>\n<meta property=\"og:site_name\" content=\"Dallm Games Studio\" \/>\n<meta property=\"article:modified_time\" content=\"2025-12-22T19:41:31+00:00\" \/>\n<meta property=\"og:image\" content=\"https:\/\/dallm.games\/novo\/wp-content\/uploads\/2025\/12\/ChatGPT-Image-22-de-dez.-de-2025-15_13_04-1024x683.png\" \/>\n\t<meta property=\"og:image:width\" content=\"1024\" \/>\n\t<meta property=\"og:image:height\" content=\"683\" \/>\n\t<meta property=\"og:image:type\" content=\"image\/png\" \/>\n<meta name=\"twitter:card\" content=\"summary_large_image\" \/>\n<meta name=\"twitter:label1\" content=\"Est. tempo de leitura\" \/>\n\t<meta name=\"twitter:data1\" content=\"2 minutos\" \/>\n<script type=\"application\/ld+json\" class=\"yoast-schema-graph\">{\"@context\":\"https:\\\/\\\/schema.org\",\"@graph\":[{\"@type\":\"WebPage\",\"@id\":\"https:\\\/\\\/dallm.games\\\/novo\\\/roots-land-rebirth\\\/\",\"url\":\"https:\\\/\\\/dallm.games\\\/novo\\\/roots-land-rebirth\\\/\",\"name\":\"Roots of the Land - Rebirth - Dallm Games Studio\",\"isPartOf\":{\"@id\":\"https:\\\/\\\/dallm.games\\\/novo\\\/#website\"},\"primaryImageOfPage\":{\"@id\":\"https:\\\/\\\/dallm.games\\\/novo\\\/roots-land-rebirth\\\/#primaryimage\"},\"image\":{\"@id\":\"https:\\\/\\\/dallm.games\\\/novo\\\/roots-land-rebirth\\\/#primaryimage\"},\"thumbnailUrl\":\"https:\\\/\\\/dallm.games\\\/novo\\\/wp-content\\\/uploads\\\/2025\\\/12\\\/ChatGPT-Image-22-de-dez.-de-2025-15_13_04.png\",\"datePublished\":\"2025-12-22T18:33:53+00:00\",\"dateModified\":\"2025-12-22T19:41:31+00:00\",\"breadcrumb\":{\"@id\":\"https:\\\/\\\/dallm.games\\\/novo\\\/roots-land-rebirth\\\/#breadcrumb\"},\"inLanguage\":\"pt-BR\",\"potentialAction\":[{\"@type\":\"ReadAction\",\"target\":[\"https:\\\/\\\/dallm.games\\\/novo\\\/roots-land-rebirth\\\/\"]}]},{\"@type\":\"ImageObject\",\"inLanguage\":\"pt-BR\",\"@id\":\"https:\\\/\\\/dallm.games\\\/novo\\\/roots-land-rebirth\\\/#primaryimage\",\"url\":\"https:\\\/\\\/dallm.games\\\/novo\\\/wp-content\\\/uploads\\\/2025\\\/12\\\/ChatGPT-Image-22-de-dez.-de-2025-15_13_04.png\",\"contentUrl\":\"https:\\\/\\\/dallm.games\\\/novo\\\/wp-content\\\/uploads\\\/2025\\\/12\\\/ChatGPT-Image-22-de-dez.-de-2025-15_13_04.png\",\"width\":1536,\"height\":1024},{\"@type\":\"BreadcrumbList\",\"@id\":\"https:\\\/\\\/dallm.games\\\/novo\\\/roots-land-rebirth\\\/#breadcrumb\",\"itemListElement\":[{\"@type\":\"ListItem\",\"position\":1,\"name\":\"Home\",\"item\":\"https:\\\/\\\/dallm.games\\\/novo\\\/\"},{\"@type\":\"ListItem\",\"position\":2,\"name\":\"Roots of the Land &#8211; Rebirth\"}]},{\"@type\":\"WebSite\",\"@id\":\"https:\\\/\\\/dallm.games\\\/novo\\\/#website\",\"url\":\"https:\\\/\\\/dallm.games\\\/novo\\\/\",\"name\":\"Dallm Games Studio\",\"description\":\"Desenvolvedora Independente de Jodos em territ&oacute;rio capixaba\",\"publisher\":{\"@id\":\"https:\\\/\\\/dallm.games\\\/novo\\\/#organization\"},\"potentialAction\":[{\"@type\":\"SearchAction\",\"target\":{\"@type\":\"EntryPoint\",\"urlTemplate\":\"https:\\\/\\\/dallm.games\\\/novo\\\/?s={search_term_string}\"},\"query-input\":{\"@type\":\"PropertyValueSpecification\",\"valueRequired\":true,\"valueName\":\"search_term_string\"}}],\"inLanguage\":\"pt-BR\"},{\"@type\":\"Organization\",\"@id\":\"https:\\\/\\\/dallm.games\\\/novo\\\/#organization\",\"name\":\"Dallm Games Studio\",\"url\":\"https:\\\/\\\/dallm.games\\\/novo\\\/\",\"logo\":{\"@type\":\"ImageObject\",\"inLanguage\":\"pt-BR\",\"@id\":\"https:\\\/\\\/dallm.games\\\/novo\\\/#\\\/schema\\\/logo\\\/image\\\/\",\"url\":\"https:\\\/\\\/dallm.games\\\/novo\\\/wp-content\\\/uploads\\\/2025\\\/12\\\/Horizontal-Color-e1764886980996.png\",\"contentUrl\":\"https:\\\/\\\/dallm.games\\\/novo\\\/wp-content\\\/uploads\\\/2025\\\/12\\\/Horizontal-Color-e1764886980996.png\",\"width\":200,\"height\":40,\"caption\":\"Dallm Games Studio\"},\"image\":{\"@id\":\"https:\\\/\\\/dallm.games\\\/novo\\\/#\\\/schema\\\/logo\\\/image\\\/\"}}]}<\/script>\n<!-- \/ Yoast SEO plugin. -->","yoast_head_json":{"title":"Roots of the Land - Rebirth - Dallm Games Studio","robots":{"index":"index","follow":"follow","max-snippet":"max-snippet:-1","max-image-preview":"max-image-preview:large","max-video-preview":"max-video-preview:-1"},"canonical":"https:\/\/dallm.games\/novo\/roots-land-rebirth\/","og_locale":"pt_BR","og_type":"article","og_title":"Roots of the Land - Rebirth - Dallm Games Studio","og_description":"ROOTS OF THE LAND &#8211; Rebirth Pre\u00e7o: R$ A DEFINIR! Roots of the Land: Rebirth \u00e9 um simulador de fazenda casual que une tranquilidade, prop\u00f3sito e consci\u00eancia ambiental. No papel de Tunico, irm\u00e3o de Maria (protagonista de The Sintonia Chronicles), voc\u00ea herda uma fazenda antiga e degradada, carregada de hist\u00f3ria, mas esquecida pelo tempo. Agora,...","og_url":"https:\/\/dallm.games\/novo\/roots-land-rebirth\/","og_site_name":"Dallm Games Studio","article_modified_time":"2025-12-22T19:41:31+00:00","og_image":[{"width":1024,"height":683,"url":"https:\/\/dallm.games\/novo\/wp-content\/uploads\/2025\/12\/ChatGPT-Image-22-de-dez.-de-2025-15_13_04-1024x683.png","type":"image\/png"}],"twitter_card":"summary_large_image","twitter_misc":{"Est. tempo de leitura":"2 minutos"},"schema":{"@context":"https:\/\/schema.org","@graph":[{"@type":"WebPage","@id":"https:\/\/dallm.games\/novo\/roots-land-rebirth\/","url":"https:\/\/dallm.games\/novo\/roots-land-rebirth\/","name":"Roots of the Land - Rebirth - Dallm Games Studio","isPartOf":{"@id":"https:\/\/dallm.games\/novo\/#website"},"primaryImageOfPage":{"@id":"https:\/\/dallm.games\/novo\/roots-land-rebirth\/#primaryimage"},"image":{"@id":"https:\/\/dallm.games\/novo\/roots-land-rebirth\/#primaryimage"},"thumbnailUrl":"https:\/\/dallm.games\/novo\/wp-content\/uploads\/2025\/12\/ChatGPT-Image-22-de-dez.-de-2025-15_13_04.png","datePublished":"2025-12-22T18:33:53+00:00","dateModified":"2025-12-22T19:41:31+00:00","breadcrumb":{"@id":"https:\/\/dallm.games\/novo\/roots-land-rebirth\/#breadcrumb"},"inLanguage":"pt-BR","potentialAction":[{"@type":"ReadAction","target":["https:\/\/dallm.games\/novo\/roots-land-rebirth\/"]}]},{"@type":"ImageObject","inLanguage":"pt-BR","@id":"https:\/\/dallm.games\/novo\/roots-land-rebirth\/#primaryimage","url":"https:\/\/dallm.games\/novo\/wp-content\/uploads\/2025\/12\/ChatGPT-Image-22-de-dez.-de-2025-15_13_04.png","contentUrl":"https:\/\/dallm.games\/novo\/wp-content\/uploads\/2025\/12\/ChatGPT-Image-22-de-dez.-de-2025-15_13_04.png","width":1536,"height":1024},{"@type":"BreadcrumbList","@id":"https:\/\/dallm.games\/novo\/roots-land-rebirth\/#breadcrumb","itemListElement":[{"@type":"ListItem","position":1,"name":"Home","item":"https:\/\/dallm.games\/novo\/"},{"@type":"ListItem","position":2,"name":"Roots of the Land &#8211; Rebirth"}]},{"@type":"WebSite","@id":"https:\/\/dallm.games\/novo\/#website","url":"https:\/\/dallm.games\/novo\/","name":"Dallm Games Studio","description":"Desenvolvedora Independente de Jodos em territ&oacute;rio capixaba","publisher":{"@id":"https:\/\/dallm.games\/novo\/#organization"},"potentialAction":[{"@type":"SearchAction","target":{"@type":"EntryPoint","urlTemplate":"https:\/\/dallm.games\/novo\/?s={search_term_string}"},"query-input":{"@type":"PropertyValueSpecification","valueRequired":true,"valueName":"search_term_string"}}],"inLanguage":"pt-BR"},{"@type":"Organization","@id":"https:\/\/dallm.games\/novo\/#organization","name":"Dallm Games Studio","url":"https:\/\/dallm.games\/novo\/","logo":{"@type":"ImageObject","inLanguage":"pt-BR","@id":"https:\/\/dallm.games\/novo\/#\/schema\/logo\/image\/","url":"https:\/\/dallm.games\/novo\/wp-content\/uploads\/2025\/12\/Horizontal-Color-e1764886980996.png","contentUrl":"https:\/\/dallm.games\/novo\/wp-content\/uploads\/2025\/12\/Horizontal-Color-e1764886980996.png","width":200,"height":40,"caption":"Dallm Games Studio"},"image":{"@id":"https:\/\/dallm.games\/novo\/#\/schema\/logo\/image\/"}}]}},"_links":{"self":[{"href":"https:\/\/dallm.games\/novo\/wp-json\/wp\/v2\/pages\/3632","targetHints":{"allow":["GET"]}}],"collection":[{"href":"https:\/\/dallm.games\/novo\/wp-json\/wp\/v2\/pages"}],"about":[{"href":"https:\/\/dallm.games\/novo\/wp-json\/wp\/v2\/types\/page"}],"author":[{"embeddable":true,"href":"https:\/\/dallm.games\/novo\/wp-json\/wp\/v2\/users\/1"}],"replies":[{"embeddable":true,"href":"https:\/\/dallm.games\/novo\/wp-json\/wp\/v2\/comments?post=3632"}],"version-history":[{"count":15,"href":"https:\/\/dallm.games\/novo\/wp-json\/wp\/v2\/pages\/3632\/revisions"}],"predecessor-version":[{"id":3669,"href":"https:\/\/dallm.games\/novo\/wp-json\/wp\/v2\/pages\/3632\/revisions\/3669"}],"wp:attachment":[{"href":"https:\/\/dallm.games\/novo\/wp-json\/wp\/v2\/media?parent=3632"}],"curies":[{"name":"wp","href":"https:\/\/api.w.org\/{rel}","templated":true}]}}