{"id":3685,"date":"2025-12-22T20:07:31","date_gmt":"2025-12-22T20:07:31","guid":{"rendered":"https:\/\/dallm.games\/novo\/?page_id=3685"},"modified":"2025-12-22T20:59:18","modified_gmt":"2025-12-22T20:59:18","slug":"sintonia-runner","status":"publish","type":"page","link":"https:\/\/dallm.games\/novo\/sintonia-runner\/","title":{"rendered":"Sintonia Runner"},"content":{"rendered":"\t\t<div data-elementor-type=\"wp-page\" data-elementor-id=\"3685\" class=\"elementor elementor-3685\" data-elementor-post-type=\"page\">\n\t\t\t\t<div class=\"elementor-element elementor-element-856971e e-flex e-con-boxed e-con e-parent\" data-id=\"856971e\" data-element_type=\"container\" data-e-type=\"container\">\n\t\t\t\t\t<div class=\"e-con-inner\">\n\t\t<div class=\"elementor-element elementor-element-c43ee16 e-con-full e-flex e-con e-child\" data-id=\"c43ee16\" data-element_type=\"container\" data-e-type=\"container\">\n\t\t\t\t<div class=\"elementor-element elementor-element-ae2c7bc elementor-widget elementor-widget-image\" data-id=\"ae2c7bc\" data-element_type=\"widget\" data-e-type=\"widget\" data-widget_type=\"image.default\">\n\t\t\t\t\t\t\t\t\t\t\t\t\t\t\t<img fetchpriority=\"high\" decoding=\"async\" width=\"1536\" height=\"1024\" src=\"https:\/\/dallm.games\/novo\/wp-content\/uploads\/2025\/12\/runner-banner.png\" class=\"attachment-full size-full wp-image-3692\" alt=\"\" srcset=\"https:\/\/dallm.games\/novo\/wp-content\/uploads\/2025\/12\/runner-banner.png 1536w, https:\/\/dallm.games\/novo\/wp-content\/uploads\/2025\/12\/runner-banner-300x200.png 300w, https:\/\/dallm.games\/novo\/wp-content\/uploads\/2025\/12\/runner-banner-1024x683.png 1024w, https:\/\/dallm.games\/novo\/wp-content\/uploads\/2025\/12\/runner-banner-768x512.png 768w\" sizes=\"(max-width: 1536px) 100vw, 1536px\" \/>\t\t\t\t\t\t\t\t\t\t\t\t\t\t\t<\/div>\n\t\t<div class=\"elementor-element elementor-element-8944d59 e-con-full e-flex e-con e-child\" data-id=\"8944d59\" data-element_type=\"container\" data-e-type=\"container\">\n\t\t\t\t<div class=\"elementor-element elementor-element-3ee5234 elementor-widget elementor-widget-heading\" data-id=\"3ee5234\" data-element_type=\"widget\" data-e-type=\"widget\" data-widget_type=\"heading.default\">\n\t\t\t\t\t<h2 class=\"elementor-heading-title elementor-size-default\">Sintonia Runner<\/h2>\t\t\t\t<\/div>\n\t\t\r\n\t\t<div class=\"elementor-element elementor-element-545044e elementor-widget elementor-widget-text-editor\" data-id=\"545044e\" data-element_type=\"widget\" data-e-type=\"widget\" data-widget_type=\"text-editor.default\">\n\t\t\t\t\t\t\t\t\t<div class=\"game-meta\">Pre\u00e7o: R$ <span style=\"color: #45f882;\">A DEFINIR!<\/span><\/div>\t\t\t\t\t\t\t\t<\/div>\n\t\t\t\t<\/div>\n\t\t\t\t<div class=\"elementor-element elementor-element-6787407 elementor-widget elementor-widget-text-editor\" data-id=\"6787407\" data-element_type=\"widget\" data-e-type=\"widget\" data-widget_type=\"text-editor.default\">\n\t\t\t\t\t\t\t\t\t<p data-start=\"271\" data-end=\"517\"><strong data-start=\"271\" data-end=\"290\">Sintonia Runner<\/strong> \u00e9 um jogo do g\u00eanero <em data-start=\"311\" data-end=\"328\">infinite runner<\/em>, inspirado nos grandes sucessos do mercado como <em data-start=\"377\" data-end=\"393\">Subway Surfers<\/em> e <em data-start=\"396\" data-end=\"408\">Sonic Dash<\/em>, trazendo uma experi\u00eancia din\u00e2mica, fluida e cheia de identidade pr\u00f3pria dentro do universo de <strong data-start=\"504\" data-end=\"516\">Sintonia<\/strong>.<\/p><p data-start=\"519\" data-end=\"789\">Diferente dos runners tradicionais, Sintonia Runner se aproxima mais da proposta de <strong data-start=\"603\" data-end=\"617\">Sonic Dash<\/strong>, com <strong data-start=\"623\" data-end=\"722\">curvas fechadas, ladeiras de subida e descida, espirais, trilhos suspensos e cen\u00e1rios verticais<\/strong>, criando uma sensa\u00e7\u00e3o constante de velocidade, risco e explora\u00e7\u00e3o.<\/p><p data-start=\"791\" data-end=\"979\">O jogo se passa inteiramente no <strong data-start=\"823\" data-end=\"844\">mundo de Sintonia<\/strong>, expandindo o IP com novos biomas, desafios e personagens, mantendo a est\u00e9tica, a magia e o tom aventureiro j\u00e1 conhecidos da franquia.<\/p>\t\t\t\t\t\t\t\t<\/div>\n\t\t\t\t<div class=\"elementor-element elementor-element-4ea574d elementor-widget elementor-widget-heading\" data-id=\"4ea574d\" data-element_type=\"widget\" data-e-type=\"widget\" data-widget_type=\"heading.default\">\n\t\t\t\t\t<h3 class=\"elementor-heading-title elementor-size-default\">A\u00e7\u00e3o, Combate e Narrativa em Movimento<\/h3>\t\t\t\t<\/div>\n\t\t\t\t<div class=\"elementor-element elementor-element-fdae865 elementor-widget elementor-widget-text-editor\" data-id=\"fdae865\" data-element_type=\"widget\" data-e-type=\"widget\" data-widget_type=\"text-editor.default\">\n\t\t\t\t\t\t\t\t\t<p data-start=\"1033\" data-end=\"1337\">Um dos grandes diferenciais de Sintonia Runner \u00e9 a introdu\u00e7\u00e3o de <strong data-start=\"1098\" data-end=\"1136\">elementos de combate em tempo real<\/strong>, algo incomum no g\u00eanero.<br data-start=\"1161\" data-end=\"1164\" \/>Enquanto corre, o jogador n\u00e3o apenas desvia de obst\u00e1culos e coleta recursos, mas tamb\u00e9m <strong data-start=\"1252\" data-end=\"1282\">enfrenta inimigos e bosses<\/strong>, exigindo reflexo, estrat\u00e9gia e dom\u00ednio das mec\u00e2nicas.<\/p><p data-start=\"1339\" data-end=\"1487\">As batalhas acontecem <strong data-start=\"1361\" data-end=\"1390\">sem interromper a corrida<\/strong>, integradas ao fluxo do gameplay, criando momentos \u00e9picos onde velocidade e combate se misturam.<\/p><p data-start=\"1489\" data-end=\"1739\">Al\u00e9m disso, o jogo contar\u00e1 com um <strong data-start=\"1523\" data-end=\"1538\">storyteller<\/strong>, respons\u00e1vel por conduzir a narrativa durante as corridas, apresentando trechos da hist\u00f3ria, contextualizando os confrontos e aprofundando o lore do universo de Sintonia de forma org\u00e2nica e acess\u00edvel.<\/p>\t\t\t\t\t\t\t\t<\/div>\n\t\t\t\t<div class=\"elementor-element elementor-element-cd5a47a elementor-widget elementor-widget-heading\" data-id=\"cd5a47a\" data-element_type=\"widget\" data-e-type=\"widget\" data-widget_type=\"heading.default\">\n\t\t\t\t\t<h3 class=\"elementor-heading-title elementor-size-default\">Considera\u00e7\u00f5es de Desenvolvimento<\/h3>\t\t\t\t<\/div>\n\t\t\t\t<div class=\"elementor-element elementor-element-205b082 elementor-widget elementor-widget-text-editor\" data-id=\"205b082\" data-element_type=\"widget\" data-e-type=\"widget\" data-widget_type=\"text-editor.default\">\n\t\t\t\t\t\t\t\t\t<p data-start=\"1787\" data-end=\"1858\">Sintonia Runner est\u00e1 em <strong data-start=\"1811\" data-end=\"1844\">fase ativa de capta\u00e7\u00e3o de recursos<\/strong>, mas conta com uma vertical slice muito aclamada em eventos presenciais em que esteve, o slide ja conta com:<\/p><p>&#8211; Sistema de Boost<br \/><br \/>&#8211; Fase da fazenda<br \/><br \/>&#8211; Controles fluidos tanto para PC quanto para tablet ou celulares<br \/><br \/>&#8211; Sistema de Ranking e pontua\u00e7\u00e3o<\/p><p data-start=\"2035\" data-end=\"2272\">Atualmente, o projeto encontra-se <strong data-start=\"2069\" data-end=\"2096\">inscrito na Lei Rouanet<\/strong> e est\u00e1 em <strong data-start=\"2107\" data-end=\"2139\">fase de capta\u00e7\u00e3o de recursos<\/strong>, visando viabilizar a produ\u00e7\u00e3o completa, polimento t\u00e9cnico, melhorias visuais, trilha sonora, acessibilidade e expans\u00e3o de conte\u00fado.<\/p>\t\t\t\t\t\t\t\t<\/div>\n\t\t\t\t<div class=\"elementor-element elementor-element-72c3afb elementor-widget elementor-widget-heading\" data-id=\"72c3afb\" data-element_type=\"widget\" data-e-type=\"widget\" data-widget_type=\"heading.default\">\n\t\t\t\t\t<h3 class=\"elementor-heading-title elementor-size-default\">Vis\u00e3o do Projeto<\/h3>\t\t\t\t<\/div>\n\t\t\t\t<div class=\"elementor-element elementor-element-1cef6c3 elementor-widget elementor-widget-text-editor\" data-id=\"1cef6c3\" data-element_type=\"widget\" data-e-type=\"widget\" data-widget_type=\"text-editor.default\">\n\t\t\t\t\t\t\t\t\t<p data-start=\"2304\" data-end=\"2344\">Sintonia Runner nasce com o objetivo de:<\/p>\n\n<p>&#8211; Fortalecer o IP <strong data-start=\"2364\" data-end=\"2376\">Sintonia<\/strong> no mercado de jogos<br>\n&#8211; Alcan\u00e7ar um p\u00fablico amplo, casual e jovem\n<br>-Combinar <strong data-start=\"2456\" data-end=\"2491\">velocidade, narrativa e combate<\/strong> em um formato inovador\n<br>&#8211; Criar um jogo com potencial de expans\u00e3o cont\u00ednua e transmidia<\/p>\n<\/li>\n<\/ul>\t\t\t\t\t\t\t\t<\/div>\n\t\t\t\t<\/div>\n\t\t<div class=\"elementor-element elementor-element-a0bfefc e-con-full e-flex e-con e-child\" data-id=\"a0bfefc\" data-element_type=\"container\" data-e-type=\"container\">\n\t\t\t\t<div class=\"elementor-element elementor-element-d12d88a elementor-widget elementor-widget-bamedownload\" data-id=\"d12d88a\" data-element_type=\"widget\" data-e-type=\"widget\" data-widget_type=\"bamedownload.default\">\n\t\t\t\t<div class=\"elementor-widget-container\">\n\t\t\t\t\t<div class=\"widget  \"><div class=\"widget-game-info\"><div class=\"player-logo\"><img decoding=\"async\" src=\"https:\/\/dallm.games\/novo\/wp-content\/uploads\/2025\/12\/Fundo-runner.png\" alt=\"Fundo runner\"  \/><\/div><h2 class=\"game-info-title title\">LAN\u00c7AMENTO EM 2027<\/h2><div class=\"game-meta-list desc\"><span>CASUAL<\/span>\n<span>COMPETIVO<\/span>\n<span>PC\/Mobile<\/span>\n<br>\n\n<div class='game-rating-info-3'><strong>INSCRITO NA LEI INCENTIVO<\/strong><span>\n<br>\n<img src='https:\/\/dallm.games\/novo\/wp-content\/uploads\/2025\/12\/copy_of_leirouanetincentivoaprojetoscoloridafundosclaros-scaled.png' \/>\n\n<br \/>\n<\/div><div class=\"game-rating-info\"><div class=\"rating-wrap\"><span class=\"game-rating\"><span \/><i class='fas fa-star'><\/i><span> --%<\/span><span class=\"review-count\">Reviews<\/span><\/div><div class=\"download-wrap\"><h5 class=\"download-wrap-title\">000<\/h5><span class=\"download-wrap-text\">Downloads<\/span><\/div><\/div><div class=\"btn-wrap\"><\/div><\/div><\/div>\t\t\t\t<\/div>\n\t\t\t\t<\/div>\n\t\t\t\t<\/div>\n\t\t\t\t\t<\/div>\n\t\t\t\t<\/div>\n\t\t<div class=\"elementor-element elementor-element-66624d2 e-flex e-con-boxed e-con e-parent\" data-id=\"66624d2\" data-element_type=\"container\" data-e-type=\"container\">\n\t\t\t\t\t<div class=\"e-con-inner\">\n\t\t\t\t<div class=\"elementor-element elementor-element-f939e1d elementor-widget elementor-widget-bamegallery\" data-id=\"f939e1d\" data-element_type=\"widget\" data-e-type=\"widget\" data-widget_type=\"bamegallery.default\">\n\t\t\t\t<div class=\"elementor-widget-container\">\n\t\t\t\t\t<div class=\"gallery-area-1 overflow-hidden text-center\"><div class=\"slider-area gallery-slider1\"><div class=\"swiper th-slider\" id=\"gallerySlider1\" data-slider-options='{\"breakpoints\":{\"0\":{\"slidesPerView\":1},\"576\":{\"slidesPerView\":\"1\"},\"768\":{\"slidesPerView\":\"2\"},\"992\":{\"slidesPerView\":\"2\"},\"1200\":{\"slidesPerView\":\"3\"}},\"effect\":\"coverflow\",\"coverflowEffect\":{\"rotate\":\"0\",\"stretch\":\"0\",\"depth\":\"150\",\"modifier\":\"1\"},\"centeredSlides\":\"true\"}'><div class=\"swiper-wrapper\"><div class=\"swiper-slide gallery-wrap1\"><div class=\"th-video\"><img decoding=\"async\" src=\"https:\/\/dallm.games\/novo\/wp-content\/uploads\/2025\/12\/runner1.png\" alt=\"runner1\"  \/><a href=\"https:\/\/dallm.games\/novo\/wp-content\/uploads\/2025\/12\/runner1.png\" class=\"play-btn popup-image style3\"><i class=\"fa-solid fa-arrow-up-right\"><\/i><\/a><\/div><\/div><div class=\"swiper-slide gallery-wrap1\"><div class=\"th-video\"><img decoding=\"async\" src=\"https:\/\/dallm.games\/novo\/wp-content\/uploads\/2025\/12\/runner2.png\" alt=\"runner2\"  \/><a href=\"https:\/\/dallm.games\/novo\/wp-content\/uploads\/2025\/12\/runner2.png\" class=\"play-btn popup-image style3\"><i class=\"fa-solid fa-arrow-up-right\"><\/i><\/a><\/div><\/div><div class=\"swiper-slide gallery-wrap1\"><div class=\"th-video\"><img decoding=\"async\" src=\"https:\/\/dallm.games\/novo\/wp-content\/uploads\/2025\/12\/runner3.png\" alt=\"runner3\"  \/><a href=\"https:\/\/dallm.games\/novo\/wp-content\/uploads\/2025\/12\/runner3.png\" class=\"play-btn popup-image style3\"><i class=\"fa-solid fa-arrow-up-right\"><\/i><\/a><\/div><\/div><\/div><\/div><button data-slider-prev=\"#gallerySlider1\" class=\"slider-arrow slider-prev\"><i class=\"fas fa-angle-left\"><\/i><\/button><button data-slider-next=\"#gallerySlider1\" class=\"slider-arrow slider-next\"><i class=\"fas fa-angle-right\"><\/i><\/button><\/div><\/div>\t\t\t\t<\/div>\n\t\t\t\t<\/div>\n\t\t\t\t\t<\/div>\n\t\t\t\t<\/div>\n\t\t\t\t<\/div>\n\t\t","protected":false},"excerpt":{"rendered":"<p>Sintonia Runner Pre\u00e7o: R$ A DEFINIR! Sintonia Runner \u00e9 um jogo do g\u00eanero infinite runner, inspirado nos grandes sucessos do mercado como Subway Surfers e Sonic Dash, trazendo uma experi\u00eancia din\u00e2mica, fluida e cheia de identidade pr\u00f3pria dentro do universo de Sintonia. Diferente dos runners tradicionais, Sintonia Runner se aproxima mais da proposta de Sonic&#8230;<\/p>\n","protected":false},"author":1,"featured_media":0,"parent":0,"menu_order":0,"comment_status":"closed","ping_status":"closed","template":"template-builder.php","meta":{"pagelayer_contact_templates":[],"_pagelayer_content":"","footnotes":""},"class_list":["post-3685","page","type-page","status-publish","hentry"],"yoast_head":"<!-- This site is optimized with the Yoast SEO plugin v27.6 - https:\/\/yoast.com\/product\/yoast-seo-wordpress\/ -->\n<title>Sintonia Runner - Dallm Games Studio<\/title>\n<meta name=\"robots\" content=\"index, follow, max-snippet:-1, max-image-preview:large, max-video-preview:-1\" \/>\n<link rel=\"canonical\" href=\"https:\/\/dallm.games\/novo\/sintonia-runner\/\" \/>\n<meta property=\"og:locale\" content=\"pt_BR\" \/>\n<meta property=\"og:type\" content=\"article\" \/>\n<meta property=\"og:title\" content=\"Sintonia Runner - Dallm Games Studio\" \/>\n<meta property=\"og:description\" content=\"Sintonia Runner Pre\u00e7o: R$ A DEFINIR! Sintonia Runner \u00e9 um jogo do g\u00eanero infinite runner, inspirado nos grandes sucessos do mercado como Subway Surfers e Sonic Dash, trazendo uma experi\u00eancia din\u00e2mica, fluida e cheia de identidade pr\u00f3pria dentro do universo de Sintonia. Diferente dos runners tradicionais, Sintonia Runner se aproxima mais da proposta de Sonic...\" \/>\n<meta property=\"og:url\" content=\"https:\/\/dallm.games\/novo\/sintonia-runner\/\" \/>\n<meta property=\"og:site_name\" content=\"Dallm Games Studio\" \/>\n<meta property=\"article:modified_time\" content=\"2025-12-22T20:59:18+00:00\" \/>\n<meta property=\"og:image\" content=\"https:\/\/dallm.games\/novo\/wp-content\/uploads\/2025\/12\/runner-banner.png\" \/>\n\t<meta property=\"og:image:width\" content=\"1536\" \/>\n\t<meta property=\"og:image:height\" content=\"1024\" \/>\n\t<meta property=\"og:image:type\" content=\"image\/png\" \/>\n<meta name=\"twitter:card\" content=\"summary_large_image\" \/>\n<meta name=\"twitter:label1\" content=\"Est. tempo de leitura\" \/>\n\t<meta name=\"twitter:data1\" content=\"2 minutos\" \/>\n<script type=\"application\/ld+json\" class=\"yoast-schema-graph\">{\"@context\":\"https:\\\/\\\/schema.org\",\"@graph\":[{\"@type\":\"WebPage\",\"@id\":\"https:\\\/\\\/dallm.games\\\/novo\\\/sintonia-runner\\\/\",\"url\":\"https:\\\/\\\/dallm.games\\\/novo\\\/sintonia-runner\\\/\",\"name\":\"Sintonia Runner - Dallm Games Studio\",\"isPartOf\":{\"@id\":\"https:\\\/\\\/dallm.games\\\/novo\\\/#website\"},\"primaryImageOfPage\":{\"@id\":\"https:\\\/\\\/dallm.games\\\/novo\\\/sintonia-runner\\\/#primaryimage\"},\"image\":{\"@id\":\"https:\\\/\\\/dallm.games\\\/novo\\\/sintonia-runner\\\/#primaryimage\"},\"thumbnailUrl\":\"https:\\\/\\\/dallm.games\\\/novo\\\/wp-content\\\/uploads\\\/2025\\\/12\\\/runner-banner.png\",\"datePublished\":\"2025-12-22T20:07:31+00:00\",\"dateModified\":\"2025-12-22T20:59:18+00:00\",\"breadcrumb\":{\"@id\":\"https:\\\/\\\/dallm.games\\\/novo\\\/sintonia-runner\\\/#breadcrumb\"},\"inLanguage\":\"pt-BR\",\"potentialAction\":[{\"@type\":\"ReadAction\",\"target\":[\"https:\\\/\\\/dallm.games\\\/novo\\\/sintonia-runner\\\/\"]}]},{\"@type\":\"ImageObject\",\"inLanguage\":\"pt-BR\",\"@id\":\"https:\\\/\\\/dallm.games\\\/novo\\\/sintonia-runner\\\/#primaryimage\",\"url\":\"https:\\\/\\\/dallm.games\\\/novo\\\/wp-content\\\/uploads\\\/2025\\\/12\\\/runner-banner.png\",\"contentUrl\":\"https:\\\/\\\/dallm.games\\\/novo\\\/wp-content\\\/uploads\\\/2025\\\/12\\\/runner-banner.png\",\"width\":1536,\"height\":1024},{\"@type\":\"BreadcrumbList\",\"@id\":\"https:\\\/\\\/dallm.games\\\/novo\\\/sintonia-runner\\\/#breadcrumb\",\"itemListElement\":[{\"@type\":\"ListItem\",\"position\":1,\"name\":\"Home\",\"item\":\"https:\\\/\\\/dallm.games\\\/novo\\\/\"},{\"@type\":\"ListItem\",\"position\":2,\"name\":\"Sintonia Runner\"}]},{\"@type\":\"WebSite\",\"@id\":\"https:\\\/\\\/dallm.games\\\/novo\\\/#website\",\"url\":\"https:\\\/\\\/dallm.games\\\/novo\\\/\",\"name\":\"Dallm Games Studio\",\"description\":\"Desenvolvedora Independente de Jodos em territ&oacute;rio capixaba\",\"publisher\":{\"@id\":\"https:\\\/\\\/dallm.games\\\/novo\\\/#organization\"},\"potentialAction\":[{\"@type\":\"SearchAction\",\"target\":{\"@type\":\"EntryPoint\",\"urlTemplate\":\"https:\\\/\\\/dallm.games\\\/novo\\\/?s={search_term_string}\"},\"query-input\":{\"@type\":\"PropertyValueSpecification\",\"valueRequired\":true,\"valueName\":\"search_term_string\"}}],\"inLanguage\":\"pt-BR\"},{\"@type\":\"Organization\",\"@id\":\"https:\\\/\\\/dallm.games\\\/novo\\\/#organization\",\"name\":\"Dallm Games Studio\",\"url\":\"https:\\\/\\\/dallm.games\\\/novo\\\/\",\"logo\":{\"@type\":\"ImageObject\",\"inLanguage\":\"pt-BR\",\"@id\":\"https:\\\/\\\/dallm.games\\\/novo\\\/#\\\/schema\\\/logo\\\/image\\\/\",\"url\":\"https:\\\/\\\/dallm.games\\\/novo\\\/wp-content\\\/uploads\\\/2025\\\/12\\\/Horizontal-Color-e1764886980996.png\",\"contentUrl\":\"https:\\\/\\\/dallm.games\\\/novo\\\/wp-content\\\/uploads\\\/2025\\\/12\\\/Horizontal-Color-e1764886980996.png\",\"width\":200,\"height\":40,\"caption\":\"Dallm Games Studio\"},\"image\":{\"@id\":\"https:\\\/\\\/dallm.games\\\/novo\\\/#\\\/schema\\\/logo\\\/image\\\/\"}}]}<\/script>\n<!-- \/ Yoast SEO plugin. -->","yoast_head_json":{"title":"Sintonia Runner - Dallm Games Studio","robots":{"index":"index","follow":"follow","max-snippet":"max-snippet:-1","max-image-preview":"max-image-preview:large","max-video-preview":"max-video-preview:-1"},"canonical":"https:\/\/dallm.games\/novo\/sintonia-runner\/","og_locale":"pt_BR","og_type":"article","og_title":"Sintonia Runner - Dallm Games Studio","og_description":"Sintonia Runner Pre\u00e7o: R$ A DEFINIR! Sintonia Runner \u00e9 um jogo do g\u00eanero infinite runner, inspirado nos grandes sucessos do mercado como Subway Surfers e Sonic Dash, trazendo uma experi\u00eancia din\u00e2mica, fluida e cheia de identidade pr\u00f3pria dentro do universo de Sintonia. Diferente dos runners tradicionais, Sintonia Runner se aproxima mais da proposta de Sonic...","og_url":"https:\/\/dallm.games\/novo\/sintonia-runner\/","og_site_name":"Dallm Games Studio","article_modified_time":"2025-12-22T20:59:18+00:00","og_image":[{"width":1536,"height":1024,"url":"https:\/\/dallm.games\/novo\/wp-content\/uploads\/2025\/12\/runner-banner.png","type":"image\/png"}],"twitter_card":"summary_large_image","twitter_misc":{"Est. tempo de leitura":"2 minutos"},"schema":{"@context":"https:\/\/schema.org","@graph":[{"@type":"WebPage","@id":"https:\/\/dallm.games\/novo\/sintonia-runner\/","url":"https:\/\/dallm.games\/novo\/sintonia-runner\/","name":"Sintonia Runner - Dallm Games Studio","isPartOf":{"@id":"https:\/\/dallm.games\/novo\/#website"},"primaryImageOfPage":{"@id":"https:\/\/dallm.games\/novo\/sintonia-runner\/#primaryimage"},"image":{"@id":"https:\/\/dallm.games\/novo\/sintonia-runner\/#primaryimage"},"thumbnailUrl":"https:\/\/dallm.games\/novo\/wp-content\/uploads\/2025\/12\/runner-banner.png","datePublished":"2025-12-22T20:07:31+00:00","dateModified":"2025-12-22T20:59:18+00:00","breadcrumb":{"@id":"https:\/\/dallm.games\/novo\/sintonia-runner\/#breadcrumb"},"inLanguage":"pt-BR","potentialAction":[{"@type":"ReadAction","target":["https:\/\/dallm.games\/novo\/sintonia-runner\/"]}]},{"@type":"ImageObject","inLanguage":"pt-BR","@id":"https:\/\/dallm.games\/novo\/sintonia-runner\/#primaryimage","url":"https:\/\/dallm.games\/novo\/wp-content\/uploads\/2025\/12\/runner-banner.png","contentUrl":"https:\/\/dallm.games\/novo\/wp-content\/uploads\/2025\/12\/runner-banner.png","width":1536,"height":1024},{"@type":"BreadcrumbList","@id":"https:\/\/dallm.games\/novo\/sintonia-runner\/#breadcrumb","itemListElement":[{"@type":"ListItem","position":1,"name":"Home","item":"https:\/\/dallm.games\/novo\/"},{"@type":"ListItem","position":2,"name":"Sintonia Runner"}]},{"@type":"WebSite","@id":"https:\/\/dallm.games\/novo\/#website","url":"https:\/\/dallm.games\/novo\/","name":"Dallm Games Studio","description":"Desenvolvedora Independente de Jodos em territ&oacute;rio capixaba","publisher":{"@id":"https:\/\/dallm.games\/novo\/#organization"},"potentialAction":[{"@type":"SearchAction","target":{"@type":"EntryPoint","urlTemplate":"https:\/\/dallm.games\/novo\/?s={search_term_string}"},"query-input":{"@type":"PropertyValueSpecification","valueRequired":true,"valueName":"search_term_string"}}],"inLanguage":"pt-BR"},{"@type":"Organization","@id":"https:\/\/dallm.games\/novo\/#organization","name":"Dallm Games Studio","url":"https:\/\/dallm.games\/novo\/","logo":{"@type":"ImageObject","inLanguage":"pt-BR","@id":"https:\/\/dallm.games\/novo\/#\/schema\/logo\/image\/","url":"https:\/\/dallm.games\/novo\/wp-content\/uploads\/2025\/12\/Horizontal-Color-e1764886980996.png","contentUrl":"https:\/\/dallm.games\/novo\/wp-content\/uploads\/2025\/12\/Horizontal-Color-e1764886980996.png","width":200,"height":40,"caption":"Dallm Games Studio"},"image":{"@id":"https:\/\/dallm.games\/novo\/#\/schema\/logo\/image\/"}}]}},"_links":{"self":[{"href":"https:\/\/dallm.games\/novo\/wp-json\/wp\/v2\/pages\/3685","targetHints":{"allow":["GET"]}}],"collection":[{"href":"https:\/\/dallm.games\/novo\/wp-json\/wp\/v2\/pages"}],"about":[{"href":"https:\/\/dallm.games\/novo\/wp-json\/wp\/v2\/types\/page"}],"author":[{"embeddable":true,"href":"https:\/\/dallm.games\/novo\/wp-json\/wp\/v2\/users\/1"}],"replies":[{"embeddable":true,"href":"https:\/\/dallm.games\/novo\/wp-json\/wp\/v2\/comments?post=3685"}],"version-history":[{"count":10,"href":"https:\/\/dallm.games\/novo\/wp-json\/wp\/v2\/pages\/3685\/revisions"}],"predecessor-version":[{"id":3711,"href":"https:\/\/dallm.games\/novo\/wp-json\/wp\/v2\/pages\/3685\/revisions\/3711"}],"wp:attachment":[{"href":"https:\/\/dallm.games\/novo\/wp-json\/wp\/v2\/media?parent=3685"}],"curies":[{"name":"wp","href":"https:\/\/api.w.org\/{rel}","templated":true}]}}