{"id":49,"date":"2023-12-14T08:27:42","date_gmt":"2023-12-14T08:27:42","guid":{"rendered":"https:\/\/wordpress.themeholy.com\/bame\/?page_id=49"},"modified":"2025-12-22T21:45:34","modified_gmt":"2025-12-22T21:45:34","slug":"sobre-nos","status":"publish","type":"page","link":"https:\/\/dallm.games\/novo\/sobre-nos\/","title":{"rendered":"Sobre n\u00f3s"},"content":{"rendered":"\t\t<div data-elementor-type=\"wp-page\" data-elementor-id=\"49\" class=\"elementor elementor-49\" data-elementor-post-type=\"page\">\n\t\t\t\t<div class=\"elementor-element elementor-element-c6e9375 position-relative z-index-common e-flex e-con-boxed e-con e-parent\" data-id=\"c6e9375\" data-element_type=\"container\" data-e-type=\"container\" data-settings=\"{&quot;background_background&quot;:&quot;classic&quot;}\">\n\t\t\t\t\t<div class=\"e-con-inner\">\n\t\t<div class=\"elementor-element elementor-element-6ddb14a gr-bg1 overlay e-flex e-con-boxed e-con e-child\" data-id=\"6ddb14a\" data-element_type=\"container\" data-e-type=\"container\">\n\t\t\t\t\t<div class=\"e-con-inner\">\n\t\t\t\t\t<\/div>\n\t\t\t\t<\/div>\n\t\t\r\n\t\t<div class=\"elementor-element elementor-element-e27c289 elementor-widget elementor-widget-bamesectiontitle\" data-id=\"e27c289\" data-element_type=\"widget\" data-e-type=\"widget\" data-widget_type=\"bamesectiontitle.default\">\n\t\t\t\t<div class=\"elementor-widget-container\">\n\t\t\t\t\t<div class=\"title-area  custom-anim-top wow\" data-wow-duration=\"1.5s\" data-wow-delay=\".2s\"><span class=\"sub-title style2\"># BEM VINDOS A DALLM GAMES STUDIO<\/span><h2 class=\"sec-title\">Transformando sonhos em pixels<\/h2><\/div>\t\t\t\t<\/div>\n\t\t\t\t<\/div>\n\t\t<div class=\"elementor-element elementor-element-0eda7d0 e-flex e-con-boxed e-con e-child\" data-id=\"0eda7d0\" data-element_type=\"container\" data-e-type=\"container\">\n\t\t\t\t\t<div class=\"e-con-inner\">\n\t\t<div class=\"elementor-element elementor-element-d97d846 e-con-full e-flex e-con e-child\" data-id=\"d97d846\" data-element_type=\"container\" data-e-type=\"container\">\n\t\t\t\t<div class=\"elementor-element elementor-element-f2c4604 elementor-widget elementor-widget-image\" data-id=\"f2c4604\" data-element_type=\"widget\" data-e-type=\"widget\" data-widget_type=\"image.default\">\n\t\t\t\t\t\t\t\t\t\t\t\t\t\t\t<img fetchpriority=\"high\" decoding=\"async\" width=\"600\" height=\"503\" src=\"https:\/\/dallm.games\/novo\/wp-content\/uploads\/2025\/12\/heroland.png\" class=\"attachment-full size-full wp-image-3566\" alt=\"\" srcset=\"https:\/\/dallm.games\/novo\/wp-content\/uploads\/2025\/12\/heroland.png 600w, https:\/\/dallm.games\/novo\/wp-content\/uploads\/2025\/12\/heroland-300x252.png 300w\" sizes=\"(max-width: 600px) 100vw, 600px\" \/>\t\t\t\t\t\t\t\t\t\t\t\t\t\t\t<\/div>\n\t\t\t\t<\/div>\n\t\t<div class=\"elementor-element elementor-element-5e1658e e-con-full e-flex e-con e-child\" data-id=\"5e1658e\" data-element_type=\"container\" data-e-type=\"container\">\n\t\t\t\t<div class=\"elementor-element elementor-element-5e8609e elementor-widget elementor-widget-bamefeatures\" data-id=\"5e8609e\" data-element_type=\"widget\" data-e-type=\"widget\" data-widget_type=\"bamefeatures.default\">\n\t\t\t\t<div class=\"elementor-widget-container\">\n\t\t\t\t\t<div class=\"about-feature-wrap\"><div class=\"slider-area\"><div class=\"swiper th-slider about-feature-slider1\" id=\"aboutfeature1\" data-slider-options='{\"breakpoints\":{\"0\":{\"slidesPerView\":2,\"mousewheel\":false},\"576\":{\"slidesPerView\":\"2\",\"mousewheel\":false},\"768\":{\"slidesPerView\":\"3\",\"mousewheel\":false},\"992\":{\"slidesPerView\":\"3\",\"mousewheel\":false},\"1200\":{\"slidesPerView\":\"3\"}},\"direction\":\"vertical\",\"mousewheel\":true}'><div class=\"swiper-wrapper\"><div class=\"swiper-slide\"><div class=\"about-feature\"><div class=\"about-feature-icon icon-masking\"><span class=\"mask-icon\" data-mask-src=\"https:\/\/dallm.games\/novo\/wp-content\/uploads\/2024\/01\/feature_3.svg\"><\/span><img decoding=\"async\" src=\"https:\/\/dallm.games\/novo\/wp-content\/uploads\/2024\/01\/feature_3.svg\" alt=\"feature_3\"  \/><\/div><div class=\"about-feature-content\"><h3 class=\"about-feature-title title\">Jogos Autorais &amp; IPs<\/h3><p class=\"about-feature-text desc\">Cria\u00e7\u00e3o de universos e franquias originais<\/p><\/div><\/div><\/div><div class=\"swiper-slide\"><div class=\"about-feature\"><div class=\"about-feature-icon icon-masking\"><span class=\"mask-icon\" data-mask-src=\"https:\/\/wordpress.themehour.net\/bame\/wp-content\/uploads\/2024\/01\/about_feature_2_2.svg\"><\/span><img decoding=\"async\" src=\"https:\/\/wordpress.themehour.net\/bame\/wp-content\/uploads\/2024\/01\/about_feature_2_2.svg\" alt=\"about_feature_2_2\"  \/><\/div><div class=\"about-feature-content\"><h3 class=\"about-feature-title title\">Gamifica\u00e7\u00e3o de Processos<\/h3><p class=\"about-feature-text desc\">Mec\u00e2nicas de jogos para engajamento real<\/p><\/div><\/div><\/div><div class=\"swiper-slide\"><div class=\"about-feature\"><div class=\"about-feature-icon icon-masking\"><span class=\"mask-icon\" data-mask-src=\"https:\/\/wordpress.themehour.net\/bame\/wp-content\/uploads\/2024\/01\/about_feature_2_3.svg\"><\/span><img decoding=\"async\" src=\"https:\/\/wordpress.themehour.net\/bame\/wp-content\/uploads\/2024\/01\/about_feature_2_3.svg\" alt=\"about_feature_2_3\"  \/><\/div><div class=\"about-feature-content\"><h3 class=\"about-feature-title title\">Jogos Sob Demanda<\/h3><p class=\"about-feature-text desc\">Desenvolvimento customizado para marcas e projetos<\/p><\/div><\/div><\/div><div class=\"swiper-slide\"><div class=\"about-feature\"><div class=\"about-feature-icon icon-masking\"><span class=\"mask-icon\" data-mask-src=\"https:\/\/dallm.games\/novo\/wp-content\/uploads\/2024\/01\/about_feature_2_3.svg\"><\/span><img decoding=\"async\" src=\"https:\/\/dallm.games\/novo\/wp-content\/uploads\/2024\/01\/about_feature_2_3.svg\" alt=\"about_feature_2_3\"  \/><\/div><div class=\"about-feature-content\"><h3 class=\"about-feature-title title\">Anima\u00e7\u00e3o &amp; Arte Digital<\/h3><p class=\"about-feature-text desc\">Personagens, cen\u00e1rios e motion para jogos<\/p><\/div><\/div><\/div><div class=\"swiper-slide\"><div class=\"about-feature\"><div class=\"about-feature-icon icon-masking\"><span class=\"mask-icon\" data-mask-src=\"https:\/\/wordpress.themehour.net\/bame\/wp-content\/uploads\/2024\/01\/about_feature_2_2.svg\"><\/span><img decoding=\"async\" src=\"https:\/\/wordpress.themehour.net\/bame\/wp-content\/uploads\/2024\/01\/about_feature_2_2.svg\" alt=\"about_feature_2_2\"  \/><\/div><div class=\"about-feature-content\"><h3 class=\"about-feature-title title\">Modelagem 3D &amp; VR<\/h3><p class=\"about-feature-text desc\">Experi\u00eancias imersivas em 3D e realidade virtual<\/p><\/div><\/div><\/div><div class=\"swiper-slide\"><div class=\"about-feature\"><div class=\"about-feature-icon icon-masking\"><span class=\"mask-icon\" data-mask-src=\"https:\/\/wordpress.themehour.net\/bame\/wp-content\/uploads\/2024\/01\/about_feature_2_3.svg\"><\/span><img decoding=\"async\" src=\"https:\/\/wordpress.themehour.net\/bame\/wp-content\/uploads\/2024\/01\/about_feature_2_3.svg\" alt=\"about_feature_2_3\"  \/><\/div><div class=\"about-feature-content\"><h3 class=\"about-feature-title title\">Consultoria &amp; Documenta\u00e7\u00e3o<\/h3><p class=\"about-feature-text desc\">Planejamento, GDDs e estrutura\u00e7\u00e3o de projetos<\/p><\/div><\/div><\/div><\/div><\/div><\/div><\/div>\t\t\t\t<\/div>\n\t\t\t\t<\/div>\n\t\t\t\t<\/div>\n\t\t\t\t\t<\/div>\n\t\t\t\t<\/div>\n\t\t\t\t\t<\/div>\n\t\t\t\t<\/div>\n\t\t<div class=\"elementor-element elementor-element-e5982c7 position-relative z-index-common  e-flex e-con-boxed e-con e-parent\" data-id=\"e5982c7\" data-element_type=\"container\" data-e-type=\"container\" data-settings=\"{&quot;background_background&quot;:&quot;classic&quot;}\">\n\t\t\t\t\t<div class=\"e-con-inner\">\n\t\t<div class=\"elementor-element elementor-element-d531662 gr-bg1 overlay e-flex e-con-boxed e-con e-child\" data-id=\"d531662\" data-element_type=\"container\" data-e-type=\"container\">\n\t\t\t\t\t<div class=\"e-con-inner\">\n\t\t\t\t\t<\/div>\n\t\t\t\t<\/div>\n\t\t\t\t<div class=\"elementor-element elementor-element-77a78fd elementor-widget elementor-widget-bamechoose\" data-id=\"77a78fd\" data-element_type=\"widget\" data-e-type=\"widget\" data-widget_type=\"bamechoose.default\">\n\t\t\t\t<div class=\"elementor-widget-container\">\n\t\t\t\t\t<div class=\"about-wrap3\"><div class=\"row gy-40\"><div class=\"col-xl-6\"><div class=\"title-area custom-anim-left wow\" data-wow-duration=\"1.5s\" data-wow-delay=\"0.2s\"><span class=\"sub-title\"># N\u00c3O QUEREMOS APENAS LAN\u00c7AR UM JOGO.<\/span><h2 class=\"sec-title\">QUEREMOS CRIAR UM UNIVERSO <span class=\"text-theme\">!<\/span><\/h2><div class=\"checklist\"><ul><li><i class=\"fas fa-circle-check\"><\/i>IP forte e autoral, pensada para crescer como franquia.<\/li><li><i class=\"fas fa-circle-check\"><\/i>Jogos seguros, \u00e9ticos e adequados para todas as idades.<\/li><li><i class=\"fas fa-circle-check\"><\/i>Qualidade visual e t\u00e9cnica com padr\u00e3o internacional.<\/li><li><i class=\"fas fa-circle-check\"><\/i>Narrativas originais que criam conex\u00e3o emocional.<\/li><\/ul><\/div><\/div><div class=\"img-box3\"><div class=\"img1\"><img decoding=\"async\" src=\"https:\/\/dallm.games\/novo\/wp-content\/uploads\/2025\/12\/Kraken_cor-pequeno.png\" alt=\"Kraken_cor pequeno\"  \/><\/div><\/div><\/div><div class=\"col-xl-6\"><div class=\"img-box3\"><div class=\"img1\"><img decoding=\"async\" src=\"https:\/\/dallm.games\/novo\/wp-content\/uploads\/2025\/12\/CENA_MARIA_fiinal-pequeno.png\" alt=\"CENA_MARIA_fiinal pequeno\"  \/><\/div><\/div><div class=\"about-content custom-anim-left wow \" data-wow-duration=\"1.5s\" data-wow-delay=\"0.2s\"><p data-start=\"126\" data-end=\"388\">A <strong data-start=\"128\" data-end=\"150\">Dallm Games Studio<\/strong> cria universos autorais pensados para crescer como franquias. Cada jogo faz parte de uma IP maior, com personagens, hist\u00f3rias e mundos conectados, desenvolvidos para evoluir ao longo do tempo e alcan\u00e7ar diferentes p\u00fablicos e plataformas.<\/p><p data-start=\"390\" data-end=\"643\">Desenvolvemos jogos seguros, \u00e9ticos e acess\u00edveis, sem abrir m\u00e3o da qualidade t\u00e9cnica e art\u00edstica. Nossos projetos seguem padr\u00f5es internacionais de produ\u00e7\u00e3o, com foco em experi\u00eancias positivas, respons\u00e1veis e memor\u00e1veis para jogadores de todas as idades.<\/p><\/div><\/div><\/div><div class=\"about-tag\"><div class=\"about-experience-tag\"><span class=\"circle-title-anime\">CRIANDO UNIVERSOS DESDE 2023<\/span><\/div><div class=\"about-tag-icon\"><img decoding=\"async\" src=\"https:\/\/dallm.games\/novo\/wp-content\/uploads\/2025\/12\/Vertical-Color-1.png\" alt=\"Vertical Color 1\"  \/><\/div><\/div><\/div>\t\t\t\t<\/div>\n\t\t\t\t<\/div>\n\t\t\t\t\t<\/div>\n\t\t\t\t<\/div>\n\t\t\t\t<\/div>\n\t\t","protected":false},"excerpt":{"rendered":"<p># BEM VINDOS A DALLM GAMES STUDIO Transformando sonhos em pixels Jogos Autorais &amp; IPs Cria\u00e7\u00e3o de universos e franquias originais Gamifica\u00e7\u00e3o de Processos Mec\u00e2nicas de jogos para engajamento real Jogos Sob Demanda Desenvolvimento customizado para marcas e projetos Anima\u00e7\u00e3o &amp; Arte Digital Personagens, cen\u00e1rios e motion para jogos Modelagem 3D &amp; VR Experi\u00eancias imersivas&#8230;<\/p>\n","protected":false},"author":1,"featured_media":0,"parent":0,"menu_order":0,"comment_status":"closed","ping_status":"closed","template":"template-builder.php","meta":{"pagelayer_contact_templates":[],"_pagelayer_content":"","footnotes":""},"class_list":["post-49","page","type-page","status-publish","hentry"],"yoast_head":"<!-- This site is optimized with the Yoast SEO plugin v27.6 - https:\/\/yoast.com\/product\/yoast-seo-wordpress\/ -->\n<title>Sobre n\u00f3s - Dallm Games Studio<\/title>\n<meta name=\"robots\" content=\"index, follow, max-snippet:-1, max-image-preview:large, max-video-preview:-1\" \/>\n<link rel=\"canonical\" href=\"https:\/\/dallm.games\/novo\/sobre-nos\/\" \/>\n<meta property=\"og:locale\" content=\"pt_BR\" \/>\n<meta property=\"og:type\" content=\"article\" \/>\n<meta property=\"og:title\" content=\"Sobre n\u00f3s - Dallm Games Studio\" \/>\n<meta property=\"og:description\" content=\"# BEM VINDOS A DALLM GAMES STUDIO Transformando sonhos em pixels Jogos Autorais &amp; IPs Cria\u00e7\u00e3o de universos e franquias originais Gamifica\u00e7\u00e3o de Processos Mec\u00e2nicas de jogos para engajamento real Jogos Sob Demanda Desenvolvimento customizado para marcas e projetos Anima\u00e7\u00e3o &amp; Arte Digital Personagens, cen\u00e1rios e motion para jogos Modelagem 3D &amp; VR Experi\u00eancias imersivas...\" \/>\n<meta property=\"og:url\" content=\"https:\/\/dallm.games\/novo\/sobre-nos\/\" \/>\n<meta property=\"og:site_name\" content=\"Dallm Games Studio\" \/>\n<meta property=\"article:modified_time\" content=\"2025-12-22T21:45:34+00:00\" \/>\n<meta property=\"og:image\" content=\"https:\/\/dallm.games\/novo\/wp-content\/uploads\/2025\/12\/heroland.png\" \/>\n\t<meta property=\"og:image:width\" content=\"600\" \/>\n\t<meta property=\"og:image:height\" content=\"503\" \/>\n\t<meta property=\"og:image:type\" content=\"image\/png\" \/>\n<meta name=\"twitter:card\" content=\"summary_large_image\" \/>\n<meta name=\"twitter:label1\" content=\"Est. tempo de leitura\" \/>\n\t<meta name=\"twitter:data1\" content=\"3 minutos\" \/>\n<script type=\"application\/ld+json\" class=\"yoast-schema-graph\">{\"@context\":\"https:\\\/\\\/schema.org\",\"@graph\":[{\"@type\":\"WebPage\",\"@id\":\"https:\\\/\\\/dallm.games\\\/novo\\\/sobre-nos\\\/\",\"url\":\"https:\\\/\\\/dallm.games\\\/novo\\\/sobre-nos\\\/\",\"name\":\"Sobre n\u00f3s - Dallm Games Studio\",\"isPartOf\":{\"@id\":\"https:\\\/\\\/dallm.games\\\/novo\\\/#website\"},\"primaryImageOfPage\":{\"@id\":\"https:\\\/\\\/dallm.games\\\/novo\\\/sobre-nos\\\/#primaryimage\"},\"image\":{\"@id\":\"https:\\\/\\\/dallm.games\\\/novo\\\/sobre-nos\\\/#primaryimage\"},\"thumbnailUrl\":\"https:\\\/\\\/dallm.games\\\/novo\\\/wp-content\\\/uploads\\\/2025\\\/12\\\/heroland.png\",\"datePublished\":\"2023-12-14T08:27:42+00:00\",\"dateModified\":\"2025-12-22T21:45:34+00:00\",\"breadcrumb\":{\"@id\":\"https:\\\/\\\/dallm.games\\\/novo\\\/sobre-nos\\\/#breadcrumb\"},\"inLanguage\":\"pt-BR\",\"potentialAction\":[{\"@type\":\"ReadAction\",\"target\":[\"https:\\\/\\\/dallm.games\\\/novo\\\/sobre-nos\\\/\"]}]},{\"@type\":\"ImageObject\",\"inLanguage\":\"pt-BR\",\"@id\":\"https:\\\/\\\/dallm.games\\\/novo\\\/sobre-nos\\\/#primaryimage\",\"url\":\"https:\\\/\\\/dallm.games\\\/novo\\\/wp-content\\\/uploads\\\/2025\\\/12\\\/heroland.png\",\"contentUrl\":\"https:\\\/\\\/dallm.games\\\/novo\\\/wp-content\\\/uploads\\\/2025\\\/12\\\/heroland.png\",\"width\":600,\"height\":503},{\"@type\":\"BreadcrumbList\",\"@id\":\"https:\\\/\\\/dallm.games\\\/novo\\\/sobre-nos\\\/#breadcrumb\",\"itemListElement\":[{\"@type\":\"ListItem\",\"position\":1,\"name\":\"Home\",\"item\":\"https:\\\/\\\/dallm.games\\\/novo\\\/\"},{\"@type\":\"ListItem\",\"position\":2,\"name\":\"Sobre n\u00f3s\"}]},{\"@type\":\"WebSite\",\"@id\":\"https:\\\/\\\/dallm.games\\\/novo\\\/#website\",\"url\":\"https:\\\/\\\/dallm.games\\\/novo\\\/\",\"name\":\"Dallm Games Studio\",\"description\":\"Desenvolvedora Independente de Jodos em territ&oacute;rio capixaba\",\"publisher\":{\"@id\":\"https:\\\/\\\/dallm.games\\\/novo\\\/#organization\"},\"potentialAction\":[{\"@type\":\"SearchAction\",\"target\":{\"@type\":\"EntryPoint\",\"urlTemplate\":\"https:\\\/\\\/dallm.games\\\/novo\\\/?s={search_term_string}\"},\"query-input\":{\"@type\":\"PropertyValueSpecification\",\"valueRequired\":true,\"valueName\":\"search_term_string\"}}],\"inLanguage\":\"pt-BR\"},{\"@type\":\"Organization\",\"@id\":\"https:\\\/\\\/dallm.games\\\/novo\\\/#organization\",\"name\":\"Dallm Games Studio\",\"url\":\"https:\\\/\\\/dallm.games\\\/novo\\\/\",\"logo\":{\"@type\":\"ImageObject\",\"inLanguage\":\"pt-BR\",\"@id\":\"https:\\\/\\\/dallm.games\\\/novo\\\/#\\\/schema\\\/logo\\\/image\\\/\",\"url\":\"https:\\\/\\\/dallm.games\\\/novo\\\/wp-content\\\/uploads\\\/2025\\\/12\\\/Horizontal-Color-e1764886980996.png\",\"contentUrl\":\"https:\\\/\\\/dallm.games\\\/novo\\\/wp-content\\\/uploads\\\/2025\\\/12\\\/Horizontal-Color-e1764886980996.png\",\"width\":200,\"height\":40,\"caption\":\"Dallm Games Studio\"},\"image\":{\"@id\":\"https:\\\/\\\/dallm.games\\\/novo\\\/#\\\/schema\\\/logo\\\/image\\\/\"}}]}<\/script>\n<!-- \/ Yoast SEO plugin. -->","yoast_head_json":{"title":"Sobre n\u00f3s - Dallm Games Studio","robots":{"index":"index","follow":"follow","max-snippet":"max-snippet:-1","max-image-preview":"max-image-preview:large","max-video-preview":"max-video-preview:-1"},"canonical":"https:\/\/dallm.games\/novo\/sobre-nos\/","og_locale":"pt_BR","og_type":"article","og_title":"Sobre n\u00f3s - Dallm Games Studio","og_description":"# BEM VINDOS A DALLM GAMES STUDIO Transformando sonhos em pixels Jogos Autorais &amp; IPs Cria\u00e7\u00e3o de universos e franquias originais Gamifica\u00e7\u00e3o de Processos Mec\u00e2nicas de jogos para engajamento real Jogos Sob Demanda Desenvolvimento customizado para marcas e projetos Anima\u00e7\u00e3o &amp; Arte Digital Personagens, cen\u00e1rios e motion para jogos Modelagem 3D &amp; VR Experi\u00eancias imersivas...","og_url":"https:\/\/dallm.games\/novo\/sobre-nos\/","og_site_name":"Dallm Games Studio","article_modified_time":"2025-12-22T21:45:34+00:00","og_image":[{"width":600,"height":503,"url":"https:\/\/dallm.games\/novo\/wp-content\/uploads\/2025\/12\/heroland.png","type":"image\/png"}],"twitter_card":"summary_large_image","twitter_misc":{"Est. tempo de leitura":"3 minutos"},"schema":{"@context":"https:\/\/schema.org","@graph":[{"@type":"WebPage","@id":"https:\/\/dallm.games\/novo\/sobre-nos\/","url":"https:\/\/dallm.games\/novo\/sobre-nos\/","name":"Sobre n\u00f3s - Dallm Games Studio","isPartOf":{"@id":"https:\/\/dallm.games\/novo\/#website"},"primaryImageOfPage":{"@id":"https:\/\/dallm.games\/novo\/sobre-nos\/#primaryimage"},"image":{"@id":"https:\/\/dallm.games\/novo\/sobre-nos\/#primaryimage"},"thumbnailUrl":"https:\/\/dallm.games\/novo\/wp-content\/uploads\/2025\/12\/heroland.png","datePublished":"2023-12-14T08:27:42+00:00","dateModified":"2025-12-22T21:45:34+00:00","breadcrumb":{"@id":"https:\/\/dallm.games\/novo\/sobre-nos\/#breadcrumb"},"inLanguage":"pt-BR","potentialAction":[{"@type":"ReadAction","target":["https:\/\/dallm.games\/novo\/sobre-nos\/"]}]},{"@type":"ImageObject","inLanguage":"pt-BR","@id":"https:\/\/dallm.games\/novo\/sobre-nos\/#primaryimage","url":"https:\/\/dallm.games\/novo\/wp-content\/uploads\/2025\/12\/heroland.png","contentUrl":"https:\/\/dallm.games\/novo\/wp-content\/uploads\/2025\/12\/heroland.png","width":600,"height":503},{"@type":"BreadcrumbList","@id":"https:\/\/dallm.games\/novo\/sobre-nos\/#breadcrumb","itemListElement":[{"@type":"ListItem","position":1,"name":"Home","item":"https:\/\/dallm.games\/novo\/"},{"@type":"ListItem","position":2,"name":"Sobre n\u00f3s"}]},{"@type":"WebSite","@id":"https:\/\/dallm.games\/novo\/#website","url":"https:\/\/dallm.games\/novo\/","name":"Dallm Games Studio","description":"Desenvolvedora Independente de Jodos em territ&oacute;rio capixaba","publisher":{"@id":"https:\/\/dallm.games\/novo\/#organization"},"potentialAction":[{"@type":"SearchAction","target":{"@type":"EntryPoint","urlTemplate":"https:\/\/dallm.games\/novo\/?s={search_term_string}"},"query-input":{"@type":"PropertyValueSpecification","valueRequired":true,"valueName":"search_term_string"}}],"inLanguage":"pt-BR"},{"@type":"Organization","@id":"https:\/\/dallm.games\/novo\/#organization","name":"Dallm Games Studio","url":"https:\/\/dallm.games\/novo\/","logo":{"@type":"ImageObject","inLanguage":"pt-BR","@id":"https:\/\/dallm.games\/novo\/#\/schema\/logo\/image\/","url":"https:\/\/dallm.games\/novo\/wp-content\/uploads\/2025\/12\/Horizontal-Color-e1764886980996.png","contentUrl":"https:\/\/dallm.games\/novo\/wp-content\/uploads\/2025\/12\/Horizontal-Color-e1764886980996.png","width":200,"height":40,"caption":"Dallm Games Studio"},"image":{"@id":"https:\/\/dallm.games\/novo\/#\/schema\/logo\/image\/"}}]}},"_links":{"self":[{"href":"https:\/\/dallm.games\/novo\/wp-json\/wp\/v2\/pages\/49","targetHints":{"allow":["GET"]}}],"collection":[{"href":"https:\/\/dallm.games\/novo\/wp-json\/wp\/v2\/pages"}],"about":[{"href":"https:\/\/dallm.games\/novo\/wp-json\/wp\/v2\/types\/page"}],"author":[{"embeddable":true,"href":"https:\/\/dallm.games\/novo\/wp-json\/wp\/v2\/users\/1"}],"replies":[{"embeddable":true,"href":"https:\/\/dallm.games\/novo\/wp-json\/wp\/v2\/comments?post=49"}],"version-history":[{"count":30,"href":"https:\/\/dallm.games\/novo\/wp-json\/wp\/v2\/pages\/49\/revisions"}],"predecessor-version":[{"id":3749,"href":"https:\/\/dallm.games\/novo\/wp-json\/wp\/v2\/pages\/49\/revisions\/3749"}],"wp:attachment":[{"href":"https:\/\/dallm.games\/novo\/wp-json\/wp\/v2\/media?parent=49"}],"curies":[{"name":"wp","href":"https:\/\/api.w.org\/{rel}","templated":true}]}}