{"id":50,"date":"2023-12-14T08:27:48","date_gmt":"2023-12-14T08:27:48","guid":{"rendered":"https:\/\/wordpress.themeholy.com\/bame\/?page_id=50"},"modified":"2025-12-22T21:41:15","modified_gmt":"2025-12-22T21:41:15","slug":"contact","status":"publish","type":"page","link":"https:\/\/dallm.games\/novo\/contact\/","title":{"rendered":"Contato"},"content":{"rendered":"\t\t<div data-elementor-type=\"wp-page\" data-elementor-id=\"50\" class=\"elementor elementor-50\" data-elementor-post-type=\"page\">\n\t\t\t\t<div class=\"elementor-element elementor-element-f9fd0d9 e-flex e-con-boxed e-con e-parent\" data-id=\"f9fd0d9\" data-element_type=\"container\" data-e-type=\"container\">\n\t\t\t\t\t<div class=\"e-con-inner\">\n\t\t<div class=\"elementor-element elementor-element-62af8ae contact-sec-1 e-flex e-con-boxed e-con e-child\" data-id=\"62af8ae\" data-element_type=\"container\" data-e-type=\"container\" data-settings=\"{&quot;background_background&quot;:&quot;classic&quot;}\">\n\t\t\t\t\t<div class=\"e-con-inner\">\n\t\t<div class=\"elementor-element elementor-element-0b10050 e-con-full e-flex e-con e-child\" data-id=\"0b10050\" data-element_type=\"container\" data-e-type=\"container\">\n\t\t\r\n\t\t<div class=\"elementor-element elementor-element-321630b elementor-widget elementor-widget-bamesectiontitle\" data-id=\"321630b\" data-element_type=\"widget\" data-e-type=\"widget\" data-widget_type=\"bamesectiontitle.default\">\n\t\t\t\t<div class=\"elementor-widget-container\">\n\t\t\t\t\t<div class=\"title-area \"><span class=\"sub-title style2\"># Fale conosco<\/span><h2 class=\"sec-title\">Entre em contato &amp; Conhe\u00e7a nossa equipe <span class=\"text-theme\">!<\/span><\/h2><\/div>\t\t\t\t<\/div>\n\t\t\t\t<\/div>\n\t\t\t\t<div class=\"elementor-element elementor-element-efb901a elementor-widget elementor-widget-bamecontactform\" data-id=\"efb901a\" data-element_type=\"widget\" data-e-type=\"widget\" data-widget_type=\"bamecontactform.default\">\n\t\t\t\t<div class=\"elementor-widget-container\">\n\t\t\t\t\t<div class=\"contact-form ajax-contact pb-xl-0 space-bottom custom-anim-left wow \" data-wow-duration=\"1.5s\" data-wow-delay=\"0.2s\">\n<div class=\"wpcf7 no-js\" id=\"wpcf7-f1333-o1\" lang=\"en-US\" dir=\"ltr\" data-wpcf7-id=\"1333\">\n<div class=\"screen-reader-response\"><p role=\"status\" aria-live=\"polite\" aria-atomic=\"true\"><\/p> <ul><\/ul><\/div>\n<form action=\"\/novo\/wp-json\/wp\/v2\/pages\/50#wpcf7-f1333-o1\" method=\"post\" class=\"wpcf7-form init\" aria-label=\"Contact form\" novalidate=\"novalidate\" data-status=\"init\">\n<fieldset class=\"hidden-fields-container\"><input type=\"hidden\" name=\"_wpcf7\" value=\"1333\" \/><input type=\"hidden\" name=\"_wpcf7_version\" value=\"6.1.5\" \/><input type=\"hidden\" name=\"_wpcf7_locale\" value=\"en_US\" \/><input type=\"hidden\" name=\"_wpcf7_unit_tag\" value=\"wpcf7-f1333-o1\" \/><input type=\"hidden\" name=\"_wpcf7_container_post\" value=\"0\" \/><input type=\"hidden\" name=\"_wpcf7_posted_data_hash\" value=\"\" \/>\n<\/fieldset>\n<div class=\"row\">\n\t<div class=\"form-group style-border2 col-md-6\">\n<span class=\"wpcf7-form-control-wrap\" data-name=\"text-653\"><input size=\"40\" maxlength=\"400\" class=\"wpcf7-form-control wpcf7-text wpcf7-validates-as-required form-control\" aria-required=\"true\" aria-invalid=\"false\" placeholder=\"Your Name\" value=\"\" type=\"text\" name=\"text-653\" \/><\/span><i class=\"fal fa-user\"><\/i>\n\t<\/div>\n\t<div class=\"form-group style-border2 col-md-6\">\n<span class=\"wpcf7-form-control-wrap\" data-name=\"email-818\"><input size=\"40\" maxlength=\"400\" class=\"wpcf7-form-control wpcf7-email wpcf7-validates-as-required wpcf7-text wpcf7-validates-as-email form-control\" aria-required=\"true\" aria-invalid=\"false\" placeholder=\"Email Address\" value=\"\" type=\"email\" name=\"email-818\" \/><\/span><i class=\"fal fa-envelope\"><\/i>\n\t<\/div>\n\t<div class=\"form-group style-border2 col-md-6\">\n<span class=\"wpcf7-form-control-wrap\" data-name=\"number-997\"><input class=\"wpcf7-form-control wpcf7-number wpcf7-validates-as-required wpcf7-validates-as-number form-control\" aria-required=\"true\" aria-invalid=\"false\" placeholder=\"Phone Number\" value=\"\" type=\"number\" name=\"number-997\" \/><\/span><i class=\"far fa-phone\"><\/i>\n\t<\/div>\n\t<div class=\"col-md-6\">\n\t\t<div class=\"form-group style-border2\">\n<span class=\"wpcf7-form-control-wrap\" data-name=\"menu-715\"><select class=\"wpcf7-form-control wpcf7-select wpcf7-validates-as-required form-select nice-select\" id=\"subject\" aria-required=\"true\" aria-invalid=\"false\" name=\"menu-715\"><option value=\"Subject\">Subject<\/option><option value=\"Esports\">Esports<\/option><option value=\"Tournament\">Tournament<\/option><option value=\"Sports\">Sports<\/option><\/select><\/span><i class=\"fal fa-angle-down\"><\/i>\n\t\t<\/div>\n\t<\/div>\n\t<div class=\"col-12 form-group style-border2\">\n<span class=\"wpcf7-form-control-wrap\" data-name=\"textarea-17\"><textarea cols=\"40\" rows=\"10\" maxlength=\"2000\" class=\"wpcf7-form-control wpcf7-textarea wpcf7-validates-as-required form-control\" aria-required=\"true\" aria-invalid=\"false\" placeholder=\"Write Massage...\" name=\"textarea-17\"><\/textarea><\/span><i class=\"far fa-message\"><\/i>\n\t<\/div>\n\t<div class=\"form-btn col-12\">\n\t\t<button class=\"th-btn\">Send Message <i class=\"fa-solid fa-arrow-right ms-2\"><\/i><\/button>\n\t<\/div>\n<\/div>\n<p class=\"form-messages mb-0 mt-3\"><\/p><div class=\"wpcf7-response-output\" aria-hidden=\"true\"><\/div>\n<\/form>\n<\/div>\n<\/div>\t\t\t\t<\/div>\n\t\t\t\t<\/div>\n\t\t\t\t<\/div>\n\t\t<div class=\"elementor-element elementor-element-7cde214 e-con-full e-flex e-con e-child\" data-id=\"7cde214\" data-element_type=\"container\" data-e-type=\"container\">\n\t\t\t\t<div class=\"elementor-element elementor-element-55b66b8 elementor-widget elementor-widget-bamesectiontitle\" data-id=\"55b66b8\" data-element_type=\"widget\" data-e-type=\"widget\" data-widget_type=\"bamesectiontitle.default\">\n\t\t\t\t<div class=\"elementor-widget-container\">\n\t\t\t\t\t<div class=\"title-area \"><span class=\"sub-title style2\"># Dados<\/span><h2 class=\"sec-title\">Informa\u00e7\u00f5es para contato <span class=\"text-theme\">!<\/span><\/h2><\/div>\t\t\t\t<\/div>\n\t\t\t\t<\/div>\n\t\t\t\t<div class=\"elementor-element elementor-element-4386a90 elementor-widget elementor-widget-bamecontactinfo\" data-id=\"4386a90\" data-element_type=\"widget\" data-e-type=\"widget\" data-widget_type=\"bamecontactinfo.default\">\n\t\t\t\t<div class=\"elementor-widget-container\">\n\t\t\t\t\t<div class=\"contact-feature\"><div class=\"contact-feature-icon icon-masking\"><span class=\"mask-icon\" data-mask-src=\"https:\/\/wordpress.themehour.net\/bame\/wp-content\/uploads\/2024\/01\/contact-map-icon1.svg\"><\/span><img decoding=\"async\" src=\"https:\/\/wordpress.themehour.net\/bame\/wp-content\/uploads\/2024\/01\/contact-map-icon1.svg\" alt=\"contact map icon1\"  \/><\/div><div class=\"media-body\"><h4 class=\"box-title\">ENDERE\u00c7O:<\/h4><a href=\"https:\/\/www.google.com\/maps\" class=\"contact-feature_link\">TecVit\u00f3ria - Rua Marins Alvarino 150, Vit\u00f3ria, ES, 29047-660<\/a>\n<br>\nTemporariamente em:<br>\n<a href=\"https:\/\/www.google.com\/maps\" class=\"contact-feature_link\">CDTIV - Rua Armando Moreira de Oliveira, 230 - Goiabeiras, Vit\u00f3ria - ES, 29075-075<\/a><\/div><\/div><div class=\"contact-feature\"><div class=\"contact-feature-icon icon-masking\"><span class=\"mask-icon\" data-mask-src=\"https:\/\/wordpress.themehour.net\/bame\/wp-content\/uploads\/2024\/01\/contact-envelope-icon1.svg\"><\/span><img decoding=\"async\" src=\"https:\/\/wordpress.themehour.net\/bame\/wp-content\/uploads\/2024\/01\/contact-envelope-icon1.svg\" alt=\"contact envelope icon1\"  \/><\/div><div class=\"media-body\"><h4 class=\"box-title\">EMAIL:<\/h4><a href=\"mailto:contato@dallm.games\" class=\"contact-feature_link\">Email do contato: contato@dallm.games<\/a><a href=\"mailto:rafael@dallm.games\" class=\"contact-feature_link\">Email Comercial\/Vendas: rafael@dallm.games<\/a><\/div><\/div>\t\t\t\t<\/div>\n\t\t\t\t<\/div>\n\t\t\t\t<\/div>\n\t\t\t\t\t<\/div>\n\t\t\t\t<\/div>\n\t\t\t\t\t<\/div>\n\t\t\t\t<\/div>\n\t\t<div class=\"elementor-element elementor-element-269fd97 e-con-full e-flex e-con e-parent\" data-id=\"269fd97\" data-element_type=\"container\" data-e-type=\"container\">\n\t\t\t\t<div class=\"elementor-element elementor-element-b07336e elementor-widget elementor-widget-google_maps\" data-id=\"b07336e\" data-element_type=\"widget\" data-e-type=\"widget\" data-widget_type=\"google_maps.default\">\n\t\t\t\t\t\t\t<div class=\"elementor-custom-embed\">\n\t\t\t<iframe loading=\"lazy\"\n\t\t\t\t\tsrc=\"https:\/\/maps.google.com\/maps?q=R.%20Armando%20Moreira%20de%20Oliveira%2C%20230%20-%20Goiabeiras%2C%20Vit%C3%B3ria%20-%20ES%2C%2029075-075&#038;t=m&#038;z=15&#038;output=embed&#038;iwloc=near\"\n\t\t\t\t\ttitle=\"R. Armando Moreira de Oliveira, 230 - Goiabeiras, Vit\u00f3ria - ES, 29075-075\"\n\t\t\t\t\taria-label=\"R. Armando Moreira de Oliveira, 230 - Goiabeiras, Vit\u00f3ria - ES, 29075-075\"\n\t\t\t><\/iframe>\n\t\t<\/div>\n\t\t\t\t\t\t<\/div>\n\t\t\t\t<\/div>\n\t\t\t\t<\/div>\n\t\t","protected":false},"excerpt":{"rendered":"<p># Fale conosco Entre em contato &amp; Conhe\u00e7a nossa equipe ! SubjectEsportsTournamentSports Send Message # Dados Informa\u00e7\u00f5es para contato ! ENDERE\u00c7O: TecVit\u00f3ria &#8211; Rua Marins Alvarino 150, Vit\u00f3ria, ES, 29047-660 Temporariamente em: CDTIV &#8211; Rua Armando Moreira de Oliveira, 230 &#8211; Goiabeiras, Vit\u00f3ria &#8211; ES, 29075-075 EMAIL: Email do contato: contato@dallm.gamesEmail Comercial\/Vendas: rafael@dallm.games<\/p>\n","protected":false},"author":1,"featured_media":0,"parent":0,"menu_order":0,"comment_status":"closed","ping_status":"closed","template":"template-builder.php","meta":{"pagelayer_contact_templates":[],"_pagelayer_content":"","footnotes":""},"class_list":["post-50","page","type-page","status-publish","hentry"],"yoast_head":"<!-- This site is optimized with the Yoast SEO plugin v27.6 - https:\/\/yoast.com\/product\/yoast-seo-wordpress\/ -->\n<title>Contato - Dallm Games Studio<\/title>\n<meta name=\"robots\" content=\"index, follow, max-snippet:-1, max-image-preview:large, max-video-preview:-1\" \/>\n<link rel=\"canonical\" href=\"https:\/\/dallm.games\/novo\/contact\/\" \/>\n<meta property=\"og:locale\" content=\"pt_BR\" \/>\n<meta property=\"og:type\" content=\"article\" \/>\n<meta property=\"og:title\" content=\"Contato - Dallm Games Studio\" \/>\n<meta property=\"og:description\" content=\"# Fale conosco Entre em contato &amp; Conhe\u00e7a nossa equipe ! SubjectEsportsTournamentSports Send Message # Dados Informa\u00e7\u00f5es para contato ! ENDERE\u00c7O: TecVit\u00f3ria &#8211; Rua Marins Alvarino 150, Vit\u00f3ria, ES, 29047-660 Temporariamente em: CDTIV &#8211; Rua Armando Moreira de Oliveira, 230 &#8211; Goiabeiras, Vit\u00f3ria &#8211; ES, 29075-075 EMAIL: Email do contato: contato@dallm.gamesEmail Comercial\/Vendas: rafael@dallm.games\" \/>\n<meta property=\"og:url\" content=\"https:\/\/dallm.games\/novo\/contact\/\" \/>\n<meta property=\"og:site_name\" content=\"Dallm Games Studio\" \/>\n<meta property=\"article:modified_time\" content=\"2025-12-22T21:41:15+00:00\" \/>\n<meta property=\"og:image\" content=\"https:\/\/wordpress.themehour.net\/bame\/wp-content\/uploads\/2024\/01\/contact-map-icon1.svg\" \/>\n<meta name=\"twitter:card\" content=\"summary_large_image\" \/>\n<meta name=\"twitter:label1\" content=\"Est. tempo de leitura\" \/>\n\t<meta name=\"twitter:data1\" content=\"1 minuto\" \/>\n<script type=\"application\/ld+json\" class=\"yoast-schema-graph\">{\"@context\":\"https:\\\/\\\/schema.org\",\"@graph\":[{\"@type\":\"WebPage\",\"@id\":\"https:\\\/\\\/dallm.games\\\/novo\\\/contact\\\/\",\"url\":\"https:\\\/\\\/dallm.games\\\/novo\\\/contact\\\/\",\"name\":\"Contato - Dallm Games Studio\",\"isPartOf\":{\"@id\":\"https:\\\/\\\/dallm.games\\\/novo\\\/#website\"},\"primaryImageOfPage\":{\"@id\":\"https:\\\/\\\/dallm.games\\\/novo\\\/contact\\\/#primaryimage\"},\"image\":{\"@id\":\"https:\\\/\\\/dallm.games\\\/novo\\\/contact\\\/#primaryimage\"},\"thumbnailUrl\":\"https:\\\/\\\/wordpress.themehour.net\\\/bame\\\/wp-content\\\/uploads\\\/2024\\\/01\\\/contact-map-icon1.svg\",\"datePublished\":\"2023-12-14T08:27:48+00:00\",\"dateModified\":\"2025-12-22T21:41:15+00:00\",\"breadcrumb\":{\"@id\":\"https:\\\/\\\/dallm.games\\\/novo\\\/contact\\\/#breadcrumb\"},\"inLanguage\":\"pt-BR\",\"potentialAction\":[{\"@type\":\"ReadAction\",\"target\":[\"https:\\\/\\\/dallm.games\\\/novo\\\/contact\\\/\"]}]},{\"@type\":\"ImageObject\",\"inLanguage\":\"pt-BR\",\"@id\":\"https:\\\/\\\/dallm.games\\\/novo\\\/contact\\\/#primaryimage\",\"url\":\"https:\\\/\\\/wordpress.themehour.net\\\/bame\\\/wp-content\\\/uploads\\\/2024\\\/01\\\/contact-map-icon1.svg\",\"contentUrl\":\"https:\\\/\\\/wordpress.themehour.net\\\/bame\\\/wp-content\\\/uploads\\\/2024\\\/01\\\/contact-map-icon1.svg\"},{\"@type\":\"BreadcrumbList\",\"@id\":\"https:\\\/\\\/dallm.games\\\/novo\\\/contact\\\/#breadcrumb\",\"itemListElement\":[{\"@type\":\"ListItem\",\"position\":1,\"name\":\"Home\",\"item\":\"https:\\\/\\\/dallm.games\\\/novo\\\/\"},{\"@type\":\"ListItem\",\"position\":2,\"name\":\"Contato\"}]},{\"@type\":\"WebSite\",\"@id\":\"https:\\\/\\\/dallm.games\\\/novo\\\/#website\",\"url\":\"https:\\\/\\\/dallm.games\\\/novo\\\/\",\"name\":\"Dallm Games Studio\",\"description\":\"Desenvolvedora Independente de Jodos em territ&oacute;rio capixaba\",\"publisher\":{\"@id\":\"https:\\\/\\\/dallm.games\\\/novo\\\/#organization\"},\"potentialAction\":[{\"@type\":\"SearchAction\",\"target\":{\"@type\":\"EntryPoint\",\"urlTemplate\":\"https:\\\/\\\/dallm.games\\\/novo\\\/?s={search_term_string}\"},\"query-input\":{\"@type\":\"PropertyValueSpecification\",\"valueRequired\":true,\"valueName\":\"search_term_string\"}}],\"inLanguage\":\"pt-BR\"},{\"@type\":\"Organization\",\"@id\":\"https:\\\/\\\/dallm.games\\\/novo\\\/#organization\",\"name\":\"Dallm Games Studio\",\"url\":\"https:\\\/\\\/dallm.games\\\/novo\\\/\",\"logo\":{\"@type\":\"ImageObject\",\"inLanguage\":\"pt-BR\",\"@id\":\"https:\\\/\\\/dallm.games\\\/novo\\\/#\\\/schema\\\/logo\\\/image\\\/\",\"url\":\"https:\\\/\\\/dallm.games\\\/novo\\\/wp-content\\\/uploads\\\/2025\\\/12\\\/Horizontal-Color-e1764886980996.png\",\"contentUrl\":\"https:\\\/\\\/dallm.games\\\/novo\\\/wp-content\\\/uploads\\\/2025\\\/12\\\/Horizontal-Color-e1764886980996.png\",\"width\":200,\"height\":40,\"caption\":\"Dallm Games Studio\"},\"image\":{\"@id\":\"https:\\\/\\\/dallm.games\\\/novo\\\/#\\\/schema\\\/logo\\\/image\\\/\"}}]}<\/script>\n<!-- \/ Yoast SEO plugin. -->","yoast_head_json":{"title":"Contato - Dallm Games Studio","robots":{"index":"index","follow":"follow","max-snippet":"max-snippet:-1","max-image-preview":"max-image-preview:large","max-video-preview":"max-video-preview:-1"},"canonical":"https:\/\/dallm.games\/novo\/contact\/","og_locale":"pt_BR","og_type":"article","og_title":"Contato - Dallm Games Studio","og_description":"# Fale conosco Entre em contato &amp; Conhe\u00e7a nossa equipe ! SubjectEsportsTournamentSports Send Message # Dados Informa\u00e7\u00f5es para contato ! ENDERE\u00c7O: TecVit\u00f3ria &#8211; Rua Marins Alvarino 150, Vit\u00f3ria, ES, 29047-660 Temporariamente em: CDTIV &#8211; Rua Armando Moreira de Oliveira, 230 &#8211; Goiabeiras, Vit\u00f3ria &#8211; ES, 29075-075 EMAIL: Email do contato: contato@dallm.gamesEmail Comercial\/Vendas: rafael@dallm.games","og_url":"https:\/\/dallm.games\/novo\/contact\/","og_site_name":"Dallm Games Studio","article_modified_time":"2025-12-22T21:41:15+00:00","og_image":[{"url":"https:\/\/wordpress.themehour.net\/bame\/wp-content\/uploads\/2024\/01\/contact-map-icon1.svg","type":"","width":"","height":""}],"twitter_card":"summary_large_image","twitter_misc":{"Est. tempo de leitura":"1 minuto"},"schema":{"@context":"https:\/\/schema.org","@graph":[{"@type":"WebPage","@id":"https:\/\/dallm.games\/novo\/contact\/","url":"https:\/\/dallm.games\/novo\/contact\/","name":"Contato - Dallm Games Studio","isPartOf":{"@id":"https:\/\/dallm.games\/novo\/#website"},"primaryImageOfPage":{"@id":"https:\/\/dallm.games\/novo\/contact\/#primaryimage"},"image":{"@id":"https:\/\/dallm.games\/novo\/contact\/#primaryimage"},"thumbnailUrl":"https:\/\/wordpress.themehour.net\/bame\/wp-content\/uploads\/2024\/01\/contact-map-icon1.svg","datePublished":"2023-12-14T08:27:48+00:00","dateModified":"2025-12-22T21:41:15+00:00","breadcrumb":{"@id":"https:\/\/dallm.games\/novo\/contact\/#breadcrumb"},"inLanguage":"pt-BR","potentialAction":[{"@type":"ReadAction","target":["https:\/\/dallm.games\/novo\/contact\/"]}]},{"@type":"ImageObject","inLanguage":"pt-BR","@id":"https:\/\/dallm.games\/novo\/contact\/#primaryimage","url":"https:\/\/wordpress.themehour.net\/bame\/wp-content\/uploads\/2024\/01\/contact-map-icon1.svg","contentUrl":"https:\/\/wordpress.themehour.net\/bame\/wp-content\/uploads\/2024\/01\/contact-map-icon1.svg"},{"@type":"BreadcrumbList","@id":"https:\/\/dallm.games\/novo\/contact\/#breadcrumb","itemListElement":[{"@type":"ListItem","position":1,"name":"Home","item":"https:\/\/dallm.games\/novo\/"},{"@type":"ListItem","position":2,"name":"Contato"}]},{"@type":"WebSite","@id":"https:\/\/dallm.games\/novo\/#website","url":"https:\/\/dallm.games\/novo\/","name":"Dallm Games Studio","description":"Desenvolvedora Independente de Jodos em territ&oacute;rio capixaba","publisher":{"@id":"https:\/\/dallm.games\/novo\/#organization"},"potentialAction":[{"@type":"SearchAction","target":{"@type":"EntryPoint","urlTemplate":"https:\/\/dallm.games\/novo\/?s={search_term_string}"},"query-input":{"@type":"PropertyValueSpecification","valueRequired":true,"valueName":"search_term_string"}}],"inLanguage":"pt-BR"},{"@type":"Organization","@id":"https:\/\/dallm.games\/novo\/#organization","name":"Dallm Games Studio","url":"https:\/\/dallm.games\/novo\/","logo":{"@type":"ImageObject","inLanguage":"pt-BR","@id":"https:\/\/dallm.games\/novo\/#\/schema\/logo\/image\/","url":"https:\/\/dallm.games\/novo\/wp-content\/uploads\/2025\/12\/Horizontal-Color-e1764886980996.png","contentUrl":"https:\/\/dallm.games\/novo\/wp-content\/uploads\/2025\/12\/Horizontal-Color-e1764886980996.png","width":200,"height":40,"caption":"Dallm Games Studio"},"image":{"@id":"https:\/\/dallm.games\/novo\/#\/schema\/logo\/image\/"}}]}},"_links":{"self":[{"href":"https:\/\/dallm.games\/novo\/wp-json\/wp\/v2\/pages\/50","targetHints":{"allow":["GET"]}}],"collection":[{"href":"https:\/\/dallm.games\/novo\/wp-json\/wp\/v2\/pages"}],"about":[{"href":"https:\/\/dallm.games\/novo\/wp-json\/wp\/v2\/types\/page"}],"author":[{"embeddable":true,"href":"https:\/\/dallm.games\/novo\/wp-json\/wp\/v2\/users\/1"}],"replies":[{"embeddable":true,"href":"https:\/\/dallm.games\/novo\/wp-json\/wp\/v2\/comments?post=50"}],"version-history":[{"count":16,"href":"https:\/\/dallm.games\/novo\/wp-json\/wp\/v2\/pages\/50\/revisions"}],"predecessor-version":[{"id":3739,"href":"https:\/\/dallm.games\/novo\/wp-json\/wp\/v2\/pages\/50\/revisions\/3739"}],"wp:attachment":[{"href":"https:\/\/dallm.games\/novo\/wp-json\/wp\/v2\/media?parent=50"}],"curies":[{"name":"wp","href":"https:\/\/api.w.org\/{rel}","templated":true}]}}